{"id":11,"date":"2021-08-05T22:36:10","date_gmt":"2021-08-05T20:36:10","guid":{"rendered":"http:\/\/nusta.co\/?page_id=11"},"modified":"2025-11-29T14:23:52","modified_gmt":"2025-11-29T13:23:52","slug":"a-propos","status":"publish","type":"page","link":"https:\/\/nusta.co\/index.php\/a-propos\/","title":{"rendered":"Qui suis-je?"},"content":{"rendered":"\n<figure class=\"wp-block-image aligncenter size-full is-resized\"><a href=\"https:\/\/nusta.co\/\"><img fetchpriority=\"high\" decoding=\"async\" width=\"1080\" height=\"1080\" src=\"https:\/\/nusta.co\/wp-content\/uploads\/2021\/12\/nustadore.png\" alt=\"\" class=\"wp-image-2051\" style=\"width:270px;height:270px\" srcset=\"https:\/\/nusta.co\/wp-content\/uploads\/2021\/12\/nustadore.png 1080w, https:\/\/nusta.co\/wp-content\/uploads\/2021\/12\/nustadore-100x100.png 100w, https:\/\/nusta.co\/wp-content\/uploads\/2021\/12\/nustadore-600x600.png 600w, https:\/\/nusta.co\/wp-content\/uploads\/2021\/12\/nustadore-300x300.png 300w, https:\/\/nusta.co\/wp-content\/uploads\/2021\/12\/nustadore-1024x1024.png 1024w, https:\/\/nusta.co\/wp-content\/uploads\/2021\/12\/nustadore-150x150.png 150w, https:\/\/nusta.co\/wp-content\/uploads\/2021\/12\/nustadore-768x768.png 768w\" sizes=\"(max-width: 1080px) 100vw, 1080px\" \/><\/a><figcaption class=\"wp-element-caption\"><span data-fontsize=\"31\" style=\"font-size: 31px;\" class=\"qubely-custom-font\"><span style=\"color: #b68911;\" data=\"#b68911\" class=\"qubely-text-has-color\">C&rsquo;est l&rsquo;histoire d&rsquo;un grand virage.<\/span><\/span><\/figcaption><\/figure>\n\n\n\n<p class=\"has-text-align-center has-palette-color-4-color has-text-color\">Celui d&rsquo;une amoureuse des fleurs, de leurs couleurs, formes, parfums, et textures aux 1001 possibilit\u00e9s, qui fait de ce grand amour son m\u00e9tier. &nbsp;<\/p>\n\n\n\n<figure class=\"wp-block-image aligncenter size-large is-resized is-style-default\"><img decoding=\"async\" src=\"http:\/\/nusta.co\/wp-content\/uploads\/2024\/10\/Ludovic-Grau-Mingot-Workshop-Floral-Atelier-8-501-768x1024.jpg\" alt=\"\" class=\"wp-image-3619\" style=\"width:230px;height:auto\"\/><\/figure>\n\n\n\n<p class=\"has-text-align-center has-palette-color-4-color has-text-color\">S\u2019\u00e9merveiller chaque jour de ce que la nature nous offre en jouant avec les palettes, les nuances, les d\u00e9grad\u00e9s, les mati\u00e8res, les textures, les formes et les fragrances du monde v\u00e9g\u00e9tal. Le sublimer pour retranscrire chacune de vos \u00e9motions.<\/p>\n\n\n\n<p class=\"has-text-align-center has-palette-color-4-color has-text-color\">Les Fleurs, c\u2019est aussi le parti pris de semer douceur, r\u00e9confort et bien-\u00eatre en mettant ma sensibilit\u00e9 et mon sens du d\u00e9tail \u00e0 votre service.<\/p>\n\n\n\n<hr class=\"wp-block-separator has-text-color has-palette-color-1-color has-css-opacity has-palette-color-1-background-color has-background\"\/>\n\n\n\n<div class=\"wp-block-columns is-layout-flex wp-container-core-columns-is-layout-28f84493 wp-block-columns-is-layout-flex\">\n<div class=\"wp-block-column is-layout-flow wp-block-column-is-layout-flow\" style=\"flex-basis:33.33%\"><\/div>\n\n\n\n<div class=\"wp-block-column is-layout-flow wp-block-column-is-layout-flow\" style=\"flex-basis:66.66%\">\n<p class=\"has-text-align-center has-palette-color-4-color has-text-color\"><\/p>\n<\/div>\n<\/div>\n\n\n\n<div class=\"wp-block-columns are-vertically-aligned-top is-layout-flex wp-container-core-columns-is-layout-28f84493 wp-block-columns-is-layout-flex\">\n<div class=\"wp-block-column is-vertically-aligned-top is-layout-flow wp-block-column-is-layout-flow\" style=\"flex-basis:33.33%\">\n<figure class=\"wp-block-image aligncenter size-large is-resized\"><img decoding=\"async\" width=\"1024\" height=\"1024\" src=\"http:\/\/nusta.co\/wp-content\/uploads\/2022\/08\/main-fleur-1024x1024.png\" alt=\"\" class=\"wp-image-2555\" style=\"width:223px;height:auto\" srcset=\"https:\/\/nusta.co\/wp-content\/uploads\/2022\/08\/main-fleur-1024x1024.png 1024w, https:\/\/nusta.co\/wp-content\/uploads\/2022\/08\/main-fleur-100x100.png 100w, https:\/\/nusta.co\/wp-content\/uploads\/2022\/08\/main-fleur-600x600.png 600w, https:\/\/nusta.co\/wp-content\/uploads\/2022\/08\/main-fleur-300x300.png 300w, https:\/\/nusta.co\/wp-content\/uploads\/2022\/08\/main-fleur-150x150.png 150w, https:\/\/nusta.co\/wp-content\/uploads\/2022\/08\/main-fleur-768x768.png 768w, https:\/\/nusta.co\/wp-content\/uploads\/2022\/08\/main-fleur.png 1080w\" sizes=\"(max-width: 1024px) 100vw, 1024px\" \/><\/figure>\n<\/div>\n\n\n\n<div class=\"wp-block-column is-vertically-aligned-top is-layout-flow wp-block-column-is-layout-flow\" style=\"flex-basis:66.66%\">\n<p class=\"has-text-align-center has-palette-color-4-color has-text-color\">Derri\u00e8re <em>\u00d1usta<\/em> se cache M\u00e9lissa.<\/p>\n\n\n\n<p class=\"has-text-align-center has-palette-color-4-color has-text-color\">Si <em>\u00d1usta<\/em> est avant tout un surnom affectueux h\u00e9rit\u00e9 d\u2019une pr\u00e9c\u00e9dente vie sur le continent am\u00e9ricain, il s&rsquo;agit aussi d&rsquo;un mot Quechua d\u00e9signant les princesses de l\u2019empire Inca. Dans la tradition de la Pachamama, la \u00f1usta incarne \u00e9galement la terre vierge qui participe aux offrandes pour honorer la Terre-M\u00e8re.<\/p>\n\n\n\n<p class=\"has-text-align-center has-palette-color-4-color has-text-color\">Il n\u2019en fallait pas plus pour pour baptiser l\u2019atelier avec ce joli surnom, comme un pont entre ancienne et nouvelle vie.<\/p>\n<\/div>\n<\/div>\n\n\n\n<hr class=\"wp-block-separator has-text-color has-palette-color-1-color has-css-opacity has-palette-color-1-background-color has-background\"\/>\n\n\n\n<div class=\"wp-block-columns is-layout-flex wp-container-core-columns-is-layout-28f84493 wp-block-columns-is-layout-flex\">\n<div class=\"wp-block-column is-layout-flow wp-block-column-is-layout-flow\" style=\"flex-basis:50%\">\n<figure class=\"wp-block-image aligncenter size-large is-resized is-style-default\"><img decoding=\"async\" width=\"768\" height=\"1024\" src=\"http:\/\/nusta.co\/wp-content\/uploads\/2023\/05\/Ludovic-Grau-Mingot-Workshop-Floral-Atelier-8-280-768x1024.jpg\" alt=\"\" class=\"wp-image-2971\" style=\"width:203px;height:auto\" srcset=\"https:\/\/nusta.co\/wp-content\/uploads\/2023\/05\/Ludovic-Grau-Mingot-Workshop-Floral-Atelier-8-280-768x1024.jpg 768w, https:\/\/nusta.co\/wp-content\/uploads\/2023\/05\/Ludovic-Grau-Mingot-Workshop-Floral-Atelier-8-280-scaled-600x800.jpg 600w, https:\/\/nusta.co\/wp-content\/uploads\/2023\/05\/Ludovic-Grau-Mingot-Workshop-Floral-Atelier-8-280-225x300.jpg 225w, https:\/\/nusta.co\/wp-content\/uploads\/2023\/05\/Ludovic-Grau-Mingot-Workshop-Floral-Atelier-8-280-1152x1536.jpg 1152w, https:\/\/nusta.co\/wp-content\/uploads\/2023\/05\/Ludovic-Grau-Mingot-Workshop-Floral-Atelier-8-280-1536x2048.jpg 1536w, https:\/\/nusta.co\/wp-content\/uploads\/2023\/05\/Ludovic-Grau-Mingot-Workshop-Floral-Atelier-8-280-scaled.jpg 1920w\" sizes=\"(max-width: 768px) 100vw, 768px\" \/><\/figure>\n\n\n\n<p class=\"has-palette-color-4-color has-text-color\"><\/p>\n<\/div>\n\n\n\n<div class=\"wp-block-column is-layout-flow wp-block-column-is-layout-flow\" style=\"flex-basis:50%\">\n<p class=\"has-palette-color-4-color has-text-color\">Sensible \u00e0 la Nature et l\u2019Art, je puise mon inspiration dans les couleurs, les parfums, les sons, les paysages, mouvements et asp\u00e9rit\u00e9s qui font le sel du quotidien.<\/p>\n\n\n\n<p class=\"has-palette-color-4-color has-text-color\">Amoureuse de mon Sud m\u00e9diterran\u00e9en et plus particuli\u00e8rement de ma ville natale, je souhaite faire de <em>\u00d1usta<\/em> un jardin de lumi\u00e8re et de douceur ouvert \u00e0 tous, \u00e0 l\u2019image de ce cocon fleuri dans lequel j\u2019ai grandi entre jasmins, bougainvilliers et bigaradiers.<\/p>\n<\/div>\n<\/div>\n\n\n\n<p class=\"has-text-align-center has-palette-color-4-color has-text-color\"><\/p>\n\n\n\n<p><\/p>\n\n\n\n<p><\/p>\n\n\n\n<p><\/p>\n","protected":false},"excerpt":{"rendered":"<p>Celui d&rsquo;une amoureuse des fleurs, de leurs couleurs, formes, parfums, et textures aux 1001 possibilit\u00e9s, qui fait de ce grand amour son m\u00e9tier. &nbsp; S\u2019\u00e9merveiller chaque jour de ce que la nature nous offre en jouant avec les palettes, les nuances, les d\u00e9grad\u00e9s, les mati\u00e8res, les textures, les formes et les fragrances du monde v\u00e9g\u00e9tal. [&hellip;]<\/p>\n","protected":false},"author":1,"featured_media":0,"parent":0,"menu_order":0,"comment_status":"closed","ping_status":"closed","template":"","meta":{"qubely_global_settings":"","qubely_interactions":"","_monsterinsights_skip_tracking":false,"_monsterinsights_sitenote_active":false,"_monsterinsights_sitenote_note":"","_monsterinsights_sitenote_category":0,"footnotes":""},"class_list":["post-11","page","type-page","status-publish","hentry"],"blocksy_meta":{"styles_descriptor":{"styles":{"desktop":"[data-prefix=\"single_page\"] {background-position:32% 51%;background-size:cover;background-attachment:fixed;background-repeat:no-repeat;background-color:#ffffff;background-image:url(https:\/\/nusta.co\/wp-content\/uploads\/2021\/09\/Copie-de-Copie-de-Avec-la-liberte-les-livres-les-fleurs-et-la-lune-qui-pourrait-ne-pas-etre-heureux-.png);}","tablet":"[data-prefix=\"single_page\"] {background-color:var(--theme-palette-color-8);background-image:none;}","mobile":""},"google_fonts":[],"version":6},"page_title_panel":"","has_hero_section":"default","148ad60376150d06206709a829570154":"","hero_section":"type-1","hero_elements":[{"id":"custom_title","enabled":true,"heading_tag":"h1","title":"Accueil"},{"id":"custom_description","enabled":true,"description_visibility":{"desktop":true,"tablet":true,"mobile":false}},{"id":"custom_meta","enabled":false,"meta_elements":[{"id":"author","enabled":true,"label":"Par","has_author_avatar":"yes","avatar_size":25},{"id":"post_date","enabled":true,"label":"Sur","date_format_source":"default","date_format":"M j, Y"},{"id":"comments","enabled":true}],"page_meta_elements":{"joined":true,"articles_count":true,"comments":true}},{"id":"breadcrumbs","enabled":false}],"4b3bfabf0a30fbccac5d5995448125c7":"","hero_alignment1":"CT_CSS_SKIP_RULE","hero_margin":40,"hero_alignment2":"center","hero_vertical_alignment":"center","1dc45190c87ca1448662c758a4a6aa05":"","hero_structure":"narrow","1b0c0dc48573ef47d2fb7757d4dbd4a5":"","page_title_bg_type":"featured_image","custom_hero_background":{"attachment_id":null},"parallax":{"desktop":false,"tablet":false,"mobile":false},"aa735d2f6b139c136e108acc49a07311":"","hero_height":"250px","pageTitleFont":{"family":"Default","variation":"Default","size":{"desktop":"32px","tablet":"30px","mobile":"25px"},"line-height":"CT_CSS_SKIP_RULE","letter-spacing":"CT_CSS_SKIP_RULE","text-transform":"CT_CSS_SKIP_RULE","text-decoration":"CT_CSS_SKIP_RULE"},"pageTitleFontColor":{"default":{"color":"CT_CSS_SKIP_RULEDEFAULT"}},"pageMetaFont":{"family":"Default","variation":"n6","size":"12px","line-height":"1.3","letter-spacing":"CT_CSS_SKIP_RULE","text-transform":"uppercase","text-decoration":"CT_CSS_SKIP_RULE"},"pageMetaFontColor":{"default":{"color":"CT_CSS_SKIP_RULEDEFAULT"},"hover":{"color":"CT_CSS_SKIP_RULEDEFAULT"}},"page_meta_button_type_font_colors":{"default":{"color":"CT_CSS_SKIP_RULEDEFAULT"},"hover":{"color":"CT_CSS_SKIP_RULEDEFAULT"}},"page_meta_button_type_background_colors":{"default":{"color":"CT_CSS_SKIP_RULEDEFAULT"},"hover":{"color":"CT_CSS_SKIP_RULEDEFAULT"}},"pageExcerptFont":{"family":"Default","variation":"Default","size":"CT_CSS_SKIP_RULE","line-height":"CT_CSS_SKIP_RULE","letter-spacing":"CT_CSS_SKIP_RULE","text-transform":"CT_CSS_SKIP_RULE","text-decoration":"CT_CSS_SKIP_RULE"},"pageExcerptColor":{"default":{"color":"CT_CSS_SKIP_RULEDEFAULT"}},"breadcrumbsFont":{"family":"Default","variation":"Default","size":"CT_CSS_SKIP_RULE","line-height":"CT_CSS_SKIP_RULE","letter-spacing":"CT_CSS_SKIP_RULE","text-transform":"CT_CSS_SKIP_RULE","text-decoration":"CT_CSS_SKIP_RULE"},"breadcrumbsFontColor":{"default":{"color":"CT_CSS_SKIP_RULEDEFAULT"},"initial":{"color":"CT_CSS_SKIP_RULEDEFAULT"},"hover":{"color":"CT_CSS_SKIP_RULEDEFAULT"}},"pageTitleOverlay":{"default":{"color":"CT_CSS_SKIP_RULE"}},"pageTitleBackground":{"background_type":"color","background_pattern":"type-1","background_image":{"attachment_id":null,"x":0,"y":0},"gradient":"linear-gradient(135deg,rgba(6,147,227,1) 0%,rgb(155,81,224) 100%)","background_repeat":"no-repeat","background_size":"auto","background_attachment":"scroll","patternColor":{"default":{"color":"#e5e7ea"}},"overlayColor":{"default":{"color":"CT_CSS_SKIP_RULE"}},"backgroundColor":{"default":{"color":"var(--theme-palette-color-6)"}}},"pageTitlePadding":{"top":"50px","bottom":"50px","left":"auto","right":"auto","linked":true},"ff2fe78b8712168f7ecef2b2c5e2352a":"","page_structure_type":"type-4","c37a66b8d25ce973cc825a036d4bbbce":"","content_style_source":"inherit","content_style":"wide","vertical_spacing_source":"inherit","content_area_spacing":"both","background":{"background_type":{"background_type":"color","background_pattern":"type-1","background_image":{"attachment_id":1390,"x":"0.32","y":"0.51","url":"http:\/\/nusta.co\/wp-content\/uploads\/2021\/09\/Copie-de-Copie-de-Avec-la-liberte-les-livres-les-fleurs-et-la-lune-qui-pourrait-ne-pas-etre-heureux--1024x577.png"},"gradient":"linear-gradient(135deg,rgba(6,147,227,1) 0%,rgb(155,81,224) 100%)","background_repeat":"no-repeat","background_size":"cover","background_attachment":"fixed","patternColor":{"default":{"color":"#e5e7ea"}},"overlayColor":{"default":{"color":"CT_CSS_SKIP_RULE"}},"backgroundColor":{"default":{"color":"var(--theme-palette-color-8)"}}},"background_pattern":{"background_type":"color","background_pattern":"type-1","background_image":{"attachment_id":1390,"x":"0.32","y":"0.51","url":"http:\/\/nusta.co\/wp-content\/uploads\/2021\/09\/Copie-de-Copie-de-Avec-la-liberte-les-livres-les-fleurs-et-la-lune-qui-pourrait-ne-pas-etre-heureux--1024x577.png"},"gradient":"linear-gradient(135deg,rgba(6,147,227,1) 0%,rgb(155,81,224) 100%)","background_repeat":"no-repeat","background_size":"cover","background_attachment":"fixed","patternColor":{"default":{"color":"#e5e7ea"}},"overlayColor":{"default":{"color":"CT_CSS_SKIP_RULE"}},"backgroundColor":{"default":{"color":"var(--theme-palette-color-8)"}}},"background_image":{"background_type":"color","background_pattern":"type-1","background_image":{"attachment_id":1390,"x":"0.32","y":"0.51","url":"http:\/\/nusta.co\/wp-content\/uploads\/2021\/09\/Copie-de-Copie-de-Avec-la-liberte-les-livres-les-fleurs-et-la-lune-qui-pourrait-ne-pas-etre-heureux--1024x577.png"},"gradient":"linear-gradient(135deg,rgba(6,147,227,1) 0%,rgb(155,81,224) 100%)","background_repeat":"no-repeat","background_size":"cover","background_attachment":"fixed","patternColor":{"default":{"color":"#e5e7ea"}},"overlayColor":{"default":{"color":"CT_CSS_SKIP_RULE"}},"backgroundColor":{"default":{"color":"var(--theme-palette-color-8)"}}},"gradient":{"background_type":"color","background_pattern":"type-1","background_image":{"attachment_id":1390,"x":"0.32","y":"0.51","url":"http:\/\/nusta.co\/wp-content\/uploads\/2021\/09\/Copie-de-Copie-de-Avec-la-liberte-les-livres-les-fleurs-et-la-lune-qui-pourrait-ne-pas-etre-heureux--1024x577.png"},"gradient":"linear-gradient(135deg,rgba(6,147,227,1) 0%,rgb(155,81,224) 100%)","background_repeat":"no-repeat","background_size":"cover","background_attachment":"fixed","patternColor":{"default":{"color":"#e5e7ea"}},"overlayColor":{"default":{"color":"CT_CSS_SKIP_RULE"}},"backgroundColor":{"default":{"color":"var(--theme-palette-color-8)"}}},"background_repeat":{"background_type":"color","background_pattern":"type-1","background_image":{"attachment_id":1390,"x":"0.32","y":"0.51","url":"http:\/\/nusta.co\/wp-content\/uploads\/2021\/09\/Copie-de-Copie-de-Avec-la-liberte-les-livres-les-fleurs-et-la-lune-qui-pourrait-ne-pas-etre-heureux--1024x577.png"},"gradient":"linear-gradient(135deg,rgba(6,147,227,1) 0%,rgb(155,81,224) 100%)","background_repeat":"no-repeat","background_size":"cover","background_attachment":"fixed","patternColor":{"default":{"color":"#e5e7ea"}},"overlayColor":{"default":{"color":"CT_CSS_SKIP_RULE"}},"backgroundColor":{"default":{"color":"var(--theme-palette-color-8)"}}},"background_size":{"background_type":"color","background_pattern":"type-1","background_image":{"attachment_id":1390,"x":"0.32","y":"0.51","url":"http:\/\/nusta.co\/wp-content\/uploads\/2021\/09\/Copie-de-Copie-de-Avec-la-liberte-les-livres-les-fleurs-et-la-lune-qui-pourrait-ne-pas-etre-heureux--1024x577.png"},"gradient":"linear-gradient(135deg,rgba(6,147,227,1) 0%,rgb(155,81,224) 100%)","background_repeat":"no-repeat","background_size":"cover","background_attachment":"fixed","patternColor":{"default":{"color":"#e5e7ea"}},"overlayColor":{"default":{"color":"CT_CSS_SKIP_RULE"}},"backgroundColor":{"default":{"color":"var(--theme-palette-color-8)"}}},"background_attachment":{"background_type":"color","background_pattern":"type-1","background_image":{"attachment_id":1390,"x":"0.32","y":"0.51","url":"http:\/\/nusta.co\/wp-content\/uploads\/2021\/09\/Copie-de-Copie-de-Avec-la-liberte-les-livres-les-fleurs-et-la-lune-qui-pourrait-ne-pas-etre-heureux--1024x577.png"},"gradient":"linear-gradient(135deg,rgba(6,147,227,1) 0%,rgb(155,81,224) 100%)","background_repeat":"no-repeat","background_size":"cover","background_attachment":"fixed","patternColor":{"default":{"color":"#e5e7ea"}},"overlayColor":{"default":{"color":"CT_CSS_SKIP_RULE"}},"backgroundColor":{"default":{"color":"var(--theme-palette-color-8)"}}},"patternColor":{"background_type":"color","background_pattern":"type-1","background_image":{"attachment_id":1390,"x":"0.32","y":"0.51","url":"http:\/\/nusta.co\/wp-content\/uploads\/2021\/09\/Copie-de-Copie-de-Avec-la-liberte-les-livres-les-fleurs-et-la-lune-qui-pourrait-ne-pas-etre-heureux--1024x577.png"},"gradient":"linear-gradient(135deg,rgba(6,147,227,1) 0%,rgb(155,81,224) 100%)","background_repeat":"no-repeat","background_size":"cover","background_attachment":"fixed","patternColor":{"default":{"color":"#e5e7ea"}},"overlayColor":{"default":{"color":"CT_CSS_SKIP_RULE"}},"backgroundColor":{"default":{"color":"var(--theme-palette-color-8)"}}},"overlayColor":{"background_type":"color","background_pattern":"type-1","background_image":{"attachment_id":1390,"x":"0.32","y":"0.51","url":"http:\/\/nusta.co\/wp-content\/uploads\/2021\/09\/Copie-de-Copie-de-Avec-la-liberte-les-livres-les-fleurs-et-la-lune-qui-pourrait-ne-pas-etre-heureux--1024x577.png"},"gradient":"linear-gradient(135deg,rgba(6,147,227,1) 0%,rgb(155,81,224) 100%)","background_repeat":"no-repeat","background_size":"cover","background_attachment":"fixed","patternColor":{"default":{"color":"#e5e7ea"}},"overlayColor":{"default":{"color":"CT_CSS_SKIP_RULE"}},"backgroundColor":{"default":{"color":"var(--theme-palette-color-8)"}}},"backgroundColor":{"background_type":"color","background_pattern":"type-1","background_image":{"attachment_id":1390,"x":"0.32","y":"0.51","url":"http:\/\/nusta.co\/wp-content\/uploads\/2021\/09\/Copie-de-Copie-de-Avec-la-liberte-les-livres-les-fleurs-et-la-lune-qui-pourrait-ne-pas-etre-heureux--1024x577.png"},"gradient":"linear-gradient(135deg,rgba(6,147,227,1) 0%,rgb(155,81,224) 100%)","background_repeat":"no-repeat","background_size":"cover","background_attachment":"fixed","patternColor":{"default":{"color":"#e5e7ea"}},"overlayColor":{"default":{"color":"CT_CSS_SKIP_RULE"}},"backgroundColor":{"default":{"color":"var(--theme-palette-color-8)"}}},"desktop":{"background_type":"image","background_pattern":"type-1","background_image":{"attachment_id":1390,"x":"0.32","y":"0.51","url":"http:\/\/nusta.co\/wp-content\/uploads\/2021\/09\/Copie-de-Copie-de-Avec-la-liberte-les-livres-les-fleurs-et-la-lune-qui-pourrait-ne-pas-etre-heureux--1024x577.png"},"gradient":"linear-gradient(135deg,rgba(6,147,227,1) 0%,rgb(155,81,224) 100%)","background_repeat":"no-repeat","background_size":"cover","background_attachment":"fixed","patternColor":{"default":{"color":"#e5e7ea"}},"overlayColor":{"default":{"color":"CT_CSS_SKIP_RULE"}},"backgroundColor":{"default":{"color":"#ffffff"}}},"tablet":{"background_type":"color","background_pattern":"type-1","background_image":{"attachment_id":1390,"x":"0.32","y":"0.51","url":"http:\/\/nusta.co\/wp-content\/uploads\/2021\/09\/Copie-de-Copie-de-Avec-la-liberte-les-livres-les-fleurs-et-la-lune-qui-pourrait-ne-pas-etre-heureux--1024x577.png"},"gradient":"linear-gradient(135deg,rgba(6,147,227,1) 0%,rgb(155,81,224) 100%)","background_repeat":"no-repeat","background_size":"cover","background_attachment":"fixed","patternColor":{"default":{"color":"#e5e7ea"}},"overlayColor":{"default":{"color":"CT_CSS_SKIP_RULE"}},"backgroundColor":{"default":{"color":"var(--theme-palette-color-8)"}}},"mobile":{"background_type":"color","background_pattern":"type-1","background_image":{"attachment_id":1390,"x":"0.32","y":"0.51","url":"http:\/\/nusta.co\/wp-content\/uploads\/2021\/09\/Copie-de-Copie-de-Avec-la-liberte-les-livres-les-fleurs-et-la-lune-qui-pourrait-ne-pas-etre-heureux--1024x577.png"},"gradient":"linear-gradient(135deg,rgba(6,147,227,1) 0%,rgb(155,81,224) 100%)","background_repeat":"no-repeat","background_size":"cover","background_attachment":"fixed","patternColor":{"default":{"color":"#e5e7ea"}},"overlayColor":{"default":{"color":"CT_CSS_SKIP_RULE"}},"backgroundColor":{"default":{"color":"var(--theme-palette-color-8)"}}},"__changed":["tablet"]},"content_background":{"background_type":"color","background_pattern":"type-1","background_image":{"attachment_id":null,"x":0,"y":0},"gradient":"linear-gradient(135deg,rgba(6,147,227,1) 0%,rgb(155,81,224) 100%)","background_repeat":"no-repeat","background_size":"auto","background_attachment":"scroll","patternColor":{"default":{"color":"#e5e7ea"}},"overlayColor":{"default":{"color":"CT_CSS_SKIP_RULE"}},"backgroundColor":{"default":{"color":"var(--theme-palette-color-8)"}}},"content_boxed_shadow":{"inherit":false,"blur":18,"spread":-6,"v_offset":12,"h_offset":0,"inset":false,"enable":true,"color":{"color":"rgba(34, 56, 101, 0.04)"}},"boxed_content_spacing":{"desktop":{"top":"40px","bottom":"40px","left":"40px","right":"40px","linked":true},"tablet":{"top":"35px","bottom":"35px","left":"35px","right":"35px","linked":true},"mobile":{"top":"20px","bottom":"20px","left":"20px","right":"20px","linked":true}},"content_boxed_radius":{"top":"3px","bottom":"3px","left":"3px","right":"3px","linked":true},"4e9bf6cd7d55a3e5b83901a17670826b":"","disable_featured_image":"no","disable_header":"yes","disable_footer":"no","95755110a9c1dc75ca5d1132abe24630":"","7215283398dd0697506f1750b87dd587":"","dcb4fad57d6e8f2b4e19c3784a231300":"","d5ac4f6c61bbfbbc0b40964a27b30acc":"","0e5731fc1b60a9815071d6f020ef9c4b":"","880206d22a1a600a2a52a2c648832b15":"","474ee12cc3e60db364ca04446957c0e4":"","865f6c7be8dcc11f4bceaa196c542e7a":"","009da9385c22525f592442093302e8cb":"","55d88f4964f8bc436d8fcf1560309b99":"","113ad7893496d234d1ce673575736336":"","00294c8a9d11911c582855a047e08092":"","9f25dbaffca30e1ed501c4707070349c":"","e10ce57cecc4f184909607edadae88f0":"","c4eaaf368b309d212f56899cff4e8177":"","0639be9031e19a40a56261499d79c0cc":"","4067a427aebb0f78e96b7dc99163782e":"","aa2f0acb647b7885e2e5ec4a5493e24a":"","4a274c72ee39835e6a59f71eed7c9437":"","09ebed09c3a5b649ed6e7b558afc21d1":"","ed644142cb83543d7483a3ea21cbf04a":"","b0e5f708457e6216288823fd951cc038":"","4fa2aef8022dd09186117bf87b0f2ac1":"","6be69028aee66361aa1b54994b400323":"","97f853e14030c4d5299b94f302a9ba6d":"","e668330aa21ae0dbdc85b2d76366048b":"","3cd11f079eda299df1536d3eb4c99dee":"","6afdddad6ab9e44e587bf67146ebb89b":"","fec6abf6f54f37e53e66e642c077388f":"","fb8e5f35cfd44845741243ecd64d26d8":"","2693bf6817e6f12db995c3eb32e9d269":"","debb3291c6652a31db676eadea43970c":"","3c6aaf9f0dcc76154cc0367ff9afdad8":"","88f1dfcfd5ea911a846fd27add335718":"","5803c6727479e8467c5e1d945f5bcb7e":"","ca8f46b699aaf28047cf3df8d32aac3a":"","f9221550349812c4c602ddb50a885831":"","79a1d91ac6dc304b1860d69c3e75938c":"","7ba7d175dddb7281ba5b8753bb0d5abc":"","09b17ff0a1ac40d5c8873859ed516502":""},"_links":{"self":[{"href":"https:\/\/nusta.co\/index.php\/wp-json\/wp\/v2\/pages\/11","targetHints":{"allow":["GET"]}}],"collection":[{"href":"https:\/\/nusta.co\/index.php\/wp-json\/wp\/v2\/pages"}],"about":[{"href":"https:\/\/nusta.co\/index.php\/wp-json\/wp\/v2\/types\/page"}],"author":[{"embeddable":true,"href":"https:\/\/nusta.co\/index.php\/wp-json\/wp\/v2\/users\/1"}],"replies":[{"embeddable":true,"href":"https:\/\/nusta.co\/index.php\/wp-json\/wp\/v2\/comments?post=11"}],"version-history":[{"count":85,"href":"https:\/\/nusta.co\/index.php\/wp-json\/wp\/v2\/pages\/11\/revisions"}],"predecessor-version":[{"id":3775,"href":"https:\/\/nusta.co\/index.php\/wp-json\/wp\/v2\/pages\/11\/revisions\/3775"}],"wp:attachment":[{"href":"https:\/\/nusta.co\/index.php\/wp-json\/wp\/v2\/media?parent=11"}],"curies":[{"name":"wp","href":"https:\/\/api.w.org\/{rel}","templated":true}]}}