{"id":2204,"date":"2022-01-02T16:36:58","date_gmt":"2022-01-02T15:36:58","guid":{"rendered":"https:\/\/nusta.co\/?page_id=2204"},"modified":"2025-01-03T19:29:04","modified_gmt":"2025-01-03T18:29:04","slug":"dernier-hommage-2","status":"publish","type":"page","link":"https:\/\/nusta.co\/index.php\/dernier-hommage-2\/","title":{"rendered":"Dernier hommage"},"content":{"rendered":"\n<h2 class=\"wp-block-heading has-text-align-center has-palette-color-4-color has-text-color\" style=\"font-size:clamp(42.901px, 2.681rem + ((1vw - 3.2px) * 3.055), 82px);\">Dernier hommage<\/h2>\n\n\n\n<hr class=\"wp-block-separator has-text-color has-palette-color-1-color has-css-opacity has-palette-color-1-background-color has-background\"\/>\n\n\n\n<p class=\"has-text-align-center has-palette-color-4-color has-text-color has-medium-font-size\"><em>\u00d1usta<\/em> vous accompagne pour rendre un dernier hommage \u00e0 vos proches. <\/p>\n\n\n\n<p class=\"has-text-align-center has-palette-color-4-color has-text-color has-medium-font-size\">Afin de vous guider au mieux, voici quelques indications utiles afin de vous aider \u00e0 faire votre choix.<\/p>\n\n\n\n<p><\/p>\n\n\n\n<h1 class=\"wp-block-heading has-text-align-center has-palette-color-4-color has-text-color has-link-color wp-elements-0c65c51fb7b8c775b7237b9320147e60\"><strong>Quel type de composition choisir?<\/strong><\/h1>\n\n\n\n<p class=\"has-text-align-center has-palette-color-4-color has-text-color has-link-color has-medium-font-size wp-elements-d87d3b83ce7aa32a32dc0ead2f073a96\"> Il existe diff\u00e9rents types d\u2019arrangements et de compositions florales pour des obs\u00e8ques. <\/p>\n\n\n\n<p class=\"has-text-align-center has-palette-color-4-color has-text-color has-link-color has-medium-font-size wp-elements-5d6f54a136fc0eb5eb162c5af2461e58\">En voici quelques exemples: <\/p>\n\n\n\n<p class=\"has-text-align-center has-palette-color-4-color has-text-color has-link-color has-medium-font-size wp-elements-d216601d3916e3df6af840213274496e\">coussin carr\u00e9 ou rond, raquette (composition allong\u00e9e de forme ovale), c\u0153ur, croix, couronne, dessus de cercueil&#8230;<\/p>\n\n\n\n<p class=\"has-link-color has-medium-font-size wp-elements-08a44e0bf42c9fcc0c94eb842d0778f0\"><\/p>\n\n\n\n<p><\/p>\n\n\n\n<figure class=\"wp-block-gallery has-nested-images columns-default is-cropped wp-block-gallery-1 is-layout-flex wp-block-gallery-is-layout-flex\">\n<figure class=\"wp-block-image size-large\"><img fetchpriority=\"high\" decoding=\"async\" width=\"827\" height=\"1024\" data-id=\"2527\" src=\"http:\/\/nusta.co\/wp-content\/uploads\/2022\/01\/Coussin-rond-1-827x1024.jpg\" alt=\"\" class=\"wp-image-2527\" srcset=\"https:\/\/nusta.co\/wp-content\/uploads\/2022\/01\/Coussin-rond-1-827x1024.jpg 827w, https:\/\/nusta.co\/wp-content\/uploads\/2022\/01\/Coussin-rond-1-600x743.jpg 600w, https:\/\/nusta.co\/wp-content\/uploads\/2022\/01\/Coussin-rond-1-242x300.jpg 242w, https:\/\/nusta.co\/wp-content\/uploads\/2022\/01\/Coussin-rond-1-768x951.jpg 768w, https:\/\/nusta.co\/wp-content\/uploads\/2022\/01\/Coussin-rond-1-1241x1536.jpg 1241w, https:\/\/nusta.co\/wp-content\/uploads\/2022\/01\/Coussin-rond-1-1655x2048.jpg 1655w\" sizes=\"(max-width: 827px) 100vw, 827px\" \/><figcaption class=\"wp-element-caption\">Coussin rond<\/figcaption><\/figure>\n\n\n\n<figure class=\"wp-block-image size-large\"><img decoding=\"async\" width=\"768\" height=\"1024\" data-id=\"2308\" src=\"http:\/\/nusta.co\/wp-content\/uploads\/2022\/01\/coeur3-768x1024.jpg\" alt=\"\" class=\"wp-image-2308\" srcset=\"https:\/\/nusta.co\/wp-content\/uploads\/2022\/01\/coeur3-768x1024.jpg 768w, https:\/\/nusta.co\/wp-content\/uploads\/2022\/01\/coeur3-600x800.jpg 600w, https:\/\/nusta.co\/wp-content\/uploads\/2022\/01\/coeur3-225x300.jpg 225w, https:\/\/nusta.co\/wp-content\/uploads\/2022\/01\/coeur3-1152x1536.jpg 1152w, https:\/\/nusta.co\/wp-content\/uploads\/2022\/01\/coeur3-1536x2048.jpg 1536w, https:\/\/nusta.co\/wp-content\/uploads\/2022\/01\/coeur3-300x400.jpg 300w, https:\/\/nusta.co\/wp-content\/uploads\/2022\/01\/coeur3-scaled.jpg 1920w\" sizes=\"(max-width: 768px) 100vw, 768px\" \/><figcaption class=\"wp-element-caption\">Coeur<\/figcaption><\/figure>\n\n\n\n<figure class=\"wp-block-image size-large\"><img decoding=\"async\" width=\"768\" height=\"1024\" data-id=\"1978\" src=\"http:\/\/nusta.co\/wp-content\/uploads\/2021\/12\/PXL_20211028_123603278-1-768x1024.jpg\" alt=\"\" class=\"wp-image-1978\" srcset=\"https:\/\/nusta.co\/wp-content\/uploads\/2021\/12\/PXL_20211028_123603278-1-768x1024.jpg 768w, https:\/\/nusta.co\/wp-content\/uploads\/2021\/12\/PXL_20211028_123603278-1-600x800.jpg 600w, https:\/\/nusta.co\/wp-content\/uploads\/2021\/12\/PXL_20211028_123603278-1-225x300.jpg 225w, https:\/\/nusta.co\/wp-content\/uploads\/2021\/12\/PXL_20211028_123603278-1-1152x1536.jpg 1152w, https:\/\/nusta.co\/wp-content\/uploads\/2021\/12\/PXL_20211028_123603278-1-1536x2048.jpg 1536w, https:\/\/nusta.co\/wp-content\/uploads\/2021\/12\/PXL_20211028_123603278-1-300x400.jpg 300w, https:\/\/nusta.co\/wp-content\/uploads\/2021\/12\/PXL_20211028_123603278-1-scaled.jpg 1920w\" sizes=\"(max-width: 768px) 100vw, 768px\" \/><figcaption class=\"wp-element-caption\">Raquette<\/figcaption><\/figure>\n<\/figure>\n\n\n\n<p><\/p>\n\n\n\n<h1 class=\"wp-block-heading has-text-align-center has-large-font-size\"><strong>Comment faire livrer des fleurs pour des obs\u00e8ques&nbsp;?<\/strong><\/h1>\n\n\n\n<p class=\"has-palette-color-4-color has-text-color has-link-color has-medium-font-size wp-elements-22468f84503c1c9bfe869c1a0b4d4479\">Vous avez la libert\u00e9 de choisir l&rsquo;adresse de livraison&nbsp;:<\/p>\n\n\n\n<ul class=\"wp-block-list\">\n<li class=\"has-medium-font-size\"><span style=\"color: #b68911;\" data=\"#b68911\" class=\"qubely-text-has-color\">Lieu de culte<\/span><\/li>\n\n\n\n<li class=\"has-medium-font-size\"><span style=\"color: #b68911;\" data=\"#b68911\" class=\"qubely-text-has-color\"><a href=\"https:\/\/g.co\/kgs\/ADvQ2cc\" target=\"_blank\" rel=\"noreferrer noopener\" title=\"Athan\u00e9e de Menton\">Athan\u00e9e de Menton<\/a><\/span><\/li>\n\n\n\n<li class=\"has-medium-font-size\"><span style=\"color: #b68911;\" data=\"#b68911\" class=\"qubely-text-has-color\"><a href=\"https:\/\/g.co\/kgs\/PDpQ8AF\" target=\"_blank\" rel=\"noreferrer noopener\" title=\"Athan\u00e9e de Monaco\">Athan\u00e9e de Monaco<\/a><\/span><\/li>\n\n\n\n<li class=\"has-medium-font-size\"><span style=\"color: #b68911;\" data=\"#b68911\" class=\"qubely-text-has-color\">Cimeti\u00e8re (Num\u00e9ros d\u2019identification de section et d\u2019all\u00e9e requis)<\/span><\/li>\n<\/ul>\n\n\n\n<p class=\"has-medium-font-size\"><span style=\"color: #b68911;\" data=\"#b68911\" class=\"qubely-text-has-color\">Le jour-m\u00eame de la c\u00e9r\u00e9monie <em>ou quelques jours avant<\/em> en fonction des sp\u00e9cificit\u00e9s li\u00e9es \u00e0 l\u2019organisation des obs\u00e8ques.<\/span><\/p>\n\n\n\n<p><\/p>\n\n\n\n<h1 class=\"wp-block-heading has-text-align-center has-large-font-size\"><strong>Quel message joindre \u00e0 l\u2019arrangement&nbsp;?<\/strong><\/h1>\n\n\n\n<p class=\"has-medium-font-size\"><span style=\"color: #b68911;\" data=\"#b68911\" class=\"qubely-text-has-color\">Vos fleurs peuvent \u00eatre accompagn\u00e9es d\u2019un petit mot sur une carte qui pourra \u00eatre adress\u00e9e au d\u00e9funt et\/ou \u00e0 sa famille. En ces moments difficiles o\u00f9 trouver les mots peut s\u2019av\u00e9rer d\u2019autant plus d\u00e9licat, <em>\u00d1usta<\/em> sera en mesure de vous assister dans le choix de vos paroles de soutien et d\u2019aurevoir.<\/span><\/p>\n\n\n\n<p class=\"has-medium-font-size\"><span style=\"color: #b68911;\" data=\"#b68911\" class=\"qubely-text-has-color\">Vous pouvez \u00e9galement assortir la composition d&rsquo;un ruban marqu\u00e9 d&rsquo;un message personnalis\u00e9.<\/span><\/p>\n\n\n\n<p><\/p>\n\n\n\n<p><\/p>\n\n\n\n<p class=\"has-text-align-center has-palette-color-4-color has-text-color\">Pour plus d&rsquo;informations, cliquez <a href=\"https:\/\/nusta.co\/index.php\/contact\/\" title=\"ici\">ici<\/a>.<\/p>\n","protected":false},"excerpt":{"rendered":"<p>Dernier hommage \u00d1usta vous accompagne pour rendre un dernier hommage \u00e0 vos proches. Afin de vous guider au mieux, voici quelques indications utiles afin de vous aider \u00e0 faire votre choix. Quel type de composition choisir? Il existe diff\u00e9rents types d\u2019arrangements et de compositions florales pour des obs\u00e8ques. En voici quelques exemples: coussin carr\u00e9 ou [&hellip;]<\/p>\n","protected":false},"author":1,"featured_media":0,"parent":0,"menu_order":0,"comment_status":"closed","ping_status":"closed","template":"","meta":{"qubely_global_settings":"","qubely_interactions":"","_monsterinsights_skip_tracking":false,"_monsterinsights_sitenote_active":false,"_monsterinsights_sitenote_note":"","_monsterinsights_sitenote_category":0,"footnotes":""},"class_list":["post-2204","page","type-page","status-publish","hentry"],"blocksy_meta":{"styles_descriptor":{"styles":{"desktop":"[data-prefix=\"single_page\"] {background-position:24% 52%;background-size:cover;background-attachment:fixed;background-repeat:no-repeat;background-color:#ffffff;background-image:url(https:\/\/nusta.co\/wp-content\/uploads\/2021\/09\/Copie-de-Copie-de-Avec-la-liberte-les-livres-les-fleurs-et-la-lune-qui-pourrait-ne-pas-etre-heureux-.png);}","tablet":"[data-prefix=\"single_page\"] {background-color:#ffffff;background-image:none;}","mobile":"[data-prefix=\"single_page\"] {background-color:var(--theme-palette-color-8);background-image:none;}"},"google_fonts":[],"version":6},"page_title_panel":"","has_hero_section":"default","0b74ae840f4e596ad29268a574698f3b":"","hero_section":"type-1","hero_elements":[{"id":"custom_title","enabled":true,"heading_tag":"h1","title":"Accueil"},{"id":"custom_description","enabled":true,"description_visibility":{"desktop":true,"tablet":true,"mobile":false}},{"id":"custom_meta","enabled":false,"meta_elements":[{"id":"author","enabled":true,"label":"Par","has_author_avatar":"yes","avatar_size":25},{"id":"post_date","enabled":true,"label":"Sur","date_format_source":"default","date_format":"M j, Y"},{"id":"comments","enabled":true}],"page_meta_elements":{"joined":true,"articles_count":true,"comments":true}},{"id":"breadcrumbs","enabled":false}],"34040f6d53f9d8c553975f76102fd1ab":"","hero_alignment1":"CT_CSS_SKIP_RULE","hero_margin":40,"hero_alignment2":"center","hero_vertical_alignment":"center","66bb9eedf24b183eb2202d4a997ee051":"","hero_structure":"narrow","be79e04ed1e1cad1351fcd954d74b905":"","page_title_bg_type":"featured_image","custom_hero_background":{"attachment_id":null},"parallax":{"desktop":false,"tablet":false,"mobile":false},"285a1aca6cf3bfe99cda57df85edf68d":"","hero_height":"250px","pageTitleFont":{"family":"Default","variation":"Default","size":{"desktop":"32px","tablet":"30px","mobile":"25px"},"line-height":"CT_CSS_SKIP_RULE","letter-spacing":"CT_CSS_SKIP_RULE","text-transform":"CT_CSS_SKIP_RULE","text-decoration":"CT_CSS_SKIP_RULE"},"pageTitleFontColor":{"default":{"color":"CT_CSS_SKIP_RULEDEFAULT"}},"pageMetaFont":{"family":"Default","variation":"n6","size":"12px","line-height":"1.3","letter-spacing":"CT_CSS_SKIP_RULE","text-transform":"uppercase","text-decoration":"CT_CSS_SKIP_RULE"},"pageMetaFontColor":{"default":{"color":"CT_CSS_SKIP_RULEDEFAULT"},"hover":{"color":"CT_CSS_SKIP_RULEDEFAULT"}},"page_meta_button_type_font_colors":{"default":{"color":"CT_CSS_SKIP_RULEDEFAULT"},"hover":{"color":"CT_CSS_SKIP_RULEDEFAULT"}},"page_meta_button_type_background_colors":{"default":{"color":"CT_CSS_SKIP_RULEDEFAULT"},"hover":{"color":"CT_CSS_SKIP_RULEDEFAULT"}},"pageExcerptFont":{"family":"Default","variation":"Default","size":"CT_CSS_SKIP_RULE","line-height":"CT_CSS_SKIP_RULE","letter-spacing":"CT_CSS_SKIP_RULE","text-transform":"CT_CSS_SKIP_RULE","text-decoration":"CT_CSS_SKIP_RULE"},"pageExcerptColor":{"default":{"color":"CT_CSS_SKIP_RULEDEFAULT"}},"breadcrumbsFont":{"family":"Default","variation":"Default","size":"CT_CSS_SKIP_RULE","line-height":"CT_CSS_SKIP_RULE","letter-spacing":"CT_CSS_SKIP_RULE","text-transform":"CT_CSS_SKIP_RULE","text-decoration":"CT_CSS_SKIP_RULE"},"breadcrumbsFontColor":{"default":{"color":"CT_CSS_SKIP_RULEDEFAULT"},"initial":{"color":"CT_CSS_SKIP_RULEDEFAULT"},"hover":{"color":"CT_CSS_SKIP_RULEDEFAULT"}},"pageTitleOverlay":{"default":{"color":"CT_CSS_SKIP_RULE"}},"pageTitleBackground":{"background_type":"color","background_pattern":"type-1","background_image":{"attachment_id":null,"x":0,"y":0},"gradient":"linear-gradient(135deg,rgba(6,147,227,1) 0%,rgb(155,81,224) 100%)","background_repeat":"no-repeat","background_size":"auto","background_attachment":"scroll","patternColor":{"default":{"color":"#e5e7ea"}},"overlayColor":{"default":{"color":"CT_CSS_SKIP_RULE"}},"backgroundColor":{"default":{"color":"var(--theme-palette-color-6)"}}},"pageTitlePadding":{"top":"50px","bottom":"50px","left":"auto","right":"auto","linked":true},"87e9bcdb6643cc4ff2c6f90c2a322392":"","page_structure_type":"default","7a8260685b82578790d0cdc6721f38c9":"","content_style_source":"inherit","content_style":"wide","vertical_spacing_source":"inherit","content_area_spacing":"both","background":{"background_type":{"background_type":"color","background_pattern":"type-1","background_image":{"attachment_id":1390,"x":"0.24","y":"0.52","url":"http:\/\/nusta.co\/wp-content\/uploads\/2021\/09\/Copie-de-Copie-de-Avec-la-liberte-les-livres-les-fleurs-et-la-lune-qui-pourrait-ne-pas-etre-heureux--1024x577.png"},"gradient":"linear-gradient(135deg,rgba(6,147,227,1) 0%,rgb(155,81,224) 100%)","background_repeat":"no-repeat","background_size":"cover","background_attachment":"fixed","patternColor":{"default":{"color":"#e5e7ea"}},"overlayColor":{"default":{"color":"CT_CSS_SKIP_RULE"}},"backgroundColor":{"default":{"color":"#ffffff"}}},"background_pattern":{"background_type":"color","background_pattern":"type-1","background_image":{"attachment_id":1390,"x":"0.24","y":"0.52","url":"http:\/\/nusta.co\/wp-content\/uploads\/2021\/09\/Copie-de-Copie-de-Avec-la-liberte-les-livres-les-fleurs-et-la-lune-qui-pourrait-ne-pas-etre-heureux--1024x577.png"},"gradient":"linear-gradient(135deg,rgba(6,147,227,1) 0%,rgb(155,81,224) 100%)","background_repeat":"no-repeat","background_size":"cover","background_attachment":"fixed","patternColor":{"default":{"color":"#e5e7ea"}},"overlayColor":{"default":{"color":"CT_CSS_SKIP_RULE"}},"backgroundColor":{"default":{"color":"#ffffff"}}},"background_image":{"background_type":"color","background_pattern":"type-1","background_image":{"attachment_id":1390,"x":"0.24","y":"0.52","url":"http:\/\/nusta.co\/wp-content\/uploads\/2021\/09\/Copie-de-Copie-de-Avec-la-liberte-les-livres-les-fleurs-et-la-lune-qui-pourrait-ne-pas-etre-heureux--1024x577.png"},"gradient":"linear-gradient(135deg,rgba(6,147,227,1) 0%,rgb(155,81,224) 100%)","background_repeat":"no-repeat","background_size":"cover","background_attachment":"fixed","patternColor":{"default":{"color":"#e5e7ea"}},"overlayColor":{"default":{"color":"CT_CSS_SKIP_RULE"}},"backgroundColor":{"default":{"color":"#ffffff"}}},"gradient":{"background_type":"color","background_pattern":"type-1","background_image":{"attachment_id":1390,"x":"0.24","y":"0.52","url":"http:\/\/nusta.co\/wp-content\/uploads\/2021\/09\/Copie-de-Copie-de-Avec-la-liberte-les-livres-les-fleurs-et-la-lune-qui-pourrait-ne-pas-etre-heureux--1024x577.png"},"gradient":"linear-gradient(135deg,rgba(6,147,227,1) 0%,rgb(155,81,224) 100%)","background_repeat":"no-repeat","background_size":"cover","background_attachment":"fixed","patternColor":{"default":{"color":"#e5e7ea"}},"overlayColor":{"default":{"color":"CT_CSS_SKIP_RULE"}},"backgroundColor":{"default":{"color":"#ffffff"}}},"background_repeat":{"background_type":"color","background_pattern":"type-1","background_image":{"attachment_id":1390,"x":"0.24","y":"0.52","url":"http:\/\/nusta.co\/wp-content\/uploads\/2021\/09\/Copie-de-Copie-de-Avec-la-liberte-les-livres-les-fleurs-et-la-lune-qui-pourrait-ne-pas-etre-heureux--1024x577.png"},"gradient":"linear-gradient(135deg,rgba(6,147,227,1) 0%,rgb(155,81,224) 100%)","background_repeat":"no-repeat","background_size":"cover","background_attachment":"fixed","patternColor":{"default":{"color":"#e5e7ea"}},"overlayColor":{"default":{"color":"CT_CSS_SKIP_RULE"}},"backgroundColor":{"default":{"color":"#ffffff"}}},"background_size":{"background_type":"color","background_pattern":"type-1","background_image":{"attachment_id":1390,"x":"0.24","y":"0.52","url":"http:\/\/nusta.co\/wp-content\/uploads\/2021\/09\/Copie-de-Copie-de-Avec-la-liberte-les-livres-les-fleurs-et-la-lune-qui-pourrait-ne-pas-etre-heureux--1024x577.png"},"gradient":"linear-gradient(135deg,rgba(6,147,227,1) 0%,rgb(155,81,224) 100%)","background_repeat":"no-repeat","background_size":"cover","background_attachment":"fixed","patternColor":{"default":{"color":"#e5e7ea"}},"overlayColor":{"default":{"color":"CT_CSS_SKIP_RULE"}},"backgroundColor":{"default":{"color":"#ffffff"}}},"background_attachment":{"background_type":"color","background_pattern":"type-1","background_image":{"attachment_id":1390,"x":"0.24","y":"0.52","url":"http:\/\/nusta.co\/wp-content\/uploads\/2021\/09\/Copie-de-Copie-de-Avec-la-liberte-les-livres-les-fleurs-et-la-lune-qui-pourrait-ne-pas-etre-heureux--1024x577.png"},"gradient":"linear-gradient(135deg,rgba(6,147,227,1) 0%,rgb(155,81,224) 100%)","background_repeat":"no-repeat","background_size":"cover","background_attachment":"fixed","patternColor":{"default":{"color":"#e5e7ea"}},"overlayColor":{"default":{"color":"CT_CSS_SKIP_RULE"}},"backgroundColor":{"default":{"color":"#ffffff"}}},"patternColor":{"background_type":"color","background_pattern":"type-1","background_image":{"attachment_id":1390,"x":"0.24","y":"0.52","url":"http:\/\/nusta.co\/wp-content\/uploads\/2021\/09\/Copie-de-Copie-de-Avec-la-liberte-les-livres-les-fleurs-et-la-lune-qui-pourrait-ne-pas-etre-heureux--1024x577.png"},"gradient":"linear-gradient(135deg,rgba(6,147,227,1) 0%,rgb(155,81,224) 100%)","background_repeat":"no-repeat","background_size":"cover","background_attachment":"fixed","patternColor":{"default":{"color":"#e5e7ea"}},"overlayColor":{"default":{"color":"CT_CSS_SKIP_RULE"}},"backgroundColor":{"default":{"color":"#ffffff"}}},"overlayColor":{"background_type":"color","background_pattern":"type-1","background_image":{"attachment_id":1390,"x":"0.24","y":"0.52","url":"http:\/\/nusta.co\/wp-content\/uploads\/2021\/09\/Copie-de-Copie-de-Avec-la-liberte-les-livres-les-fleurs-et-la-lune-qui-pourrait-ne-pas-etre-heureux--1024x577.png"},"gradient":"linear-gradient(135deg,rgba(6,147,227,1) 0%,rgb(155,81,224) 100%)","background_repeat":"no-repeat","background_size":"cover","background_attachment":"fixed","patternColor":{"default":{"color":"#e5e7ea"}},"overlayColor":{"default":{"color":"CT_CSS_SKIP_RULE"}},"backgroundColor":{"default":{"color":"#ffffff"}}},"backgroundColor":{"background_type":"color","background_pattern":"type-1","background_image":{"attachment_id":1390,"x":"0.24","y":"0.52","url":"http:\/\/nusta.co\/wp-content\/uploads\/2021\/09\/Copie-de-Copie-de-Avec-la-liberte-les-livres-les-fleurs-et-la-lune-qui-pourrait-ne-pas-etre-heureux--1024x577.png"},"gradient":"linear-gradient(135deg,rgba(6,147,227,1) 0%,rgb(155,81,224) 100%)","background_repeat":"no-repeat","background_size":"cover","background_attachment":"fixed","patternColor":{"default":{"color":"#e5e7ea"}},"overlayColor":{"default":{"color":"CT_CSS_SKIP_RULE"}},"backgroundColor":{"default":{"color":"#ffffff"}}},"desktop":{"background_type":"image","background_pattern":"type-1","background_image":{"attachment_id":1390,"x":"0.24","y":"0.52","url":"http:\/\/nusta.co\/wp-content\/uploads\/2021\/09\/Copie-de-Copie-de-Avec-la-liberte-les-livres-les-fleurs-et-la-lune-qui-pourrait-ne-pas-etre-heureux--1024x577.png"},"gradient":"linear-gradient(135deg,rgba(6,147,227,1) 0%,rgb(155,81,224) 100%)","background_repeat":"no-repeat","background_size":"cover","background_attachment":"fixed","patternColor":{"default":{"color":"#e5e7ea"}},"overlayColor":{"default":{"color":"CT_CSS_SKIP_RULE"}},"backgroundColor":{"default":{"color":"#ffffff"}}},"tablet":{"background_type":"color","background_pattern":"type-1","background_image":{"attachment_id":1390,"x":"0.24","y":"0.52","url":"http:\/\/nusta.co\/wp-content\/uploads\/2021\/09\/Copie-de-Copie-de-Avec-la-liberte-les-livres-les-fleurs-et-la-lune-qui-pourrait-ne-pas-etre-heureux--1024x577.png"},"gradient":"linear-gradient(135deg,rgba(6,147,227,1) 0%,rgb(155,81,224) 100%)","background_repeat":"no-repeat","background_size":"cover","background_attachment":"fixed","patternColor":{"default":{"color":"#e5e7ea"}},"overlayColor":{"default":{"color":"CT_CSS_SKIP_RULE"}},"backgroundColor":{"default":{"color":"#ffffff"}}},"mobile":{"background_type":"color","background_pattern":"type-1","background_image":{"attachment_id":1390,"x":"0.24","y":"0.52","url":"http:\/\/nusta.co\/wp-content\/uploads\/2021\/09\/Copie-de-Copie-de-Avec-la-liberte-les-livres-les-fleurs-et-la-lune-qui-pourrait-ne-pas-etre-heureux--1024x577.png"},"gradient":"linear-gradient(135deg,rgba(6,147,227,1) 0%,rgb(155,81,224) 100%)","background_repeat":"no-repeat","background_size":"cover","background_attachment":"fixed","patternColor":{"default":{"color":"#e5e7ea"}},"overlayColor":{"default":{"color":"CT_CSS_SKIP_RULE"}},"backgroundColor":{"default":{"color":"var(--theme-palette-color-8)"}}},"__changed":["mobile","tablet"]},"content_background":{"background_type":"color","background_pattern":"type-1","background_image":{"attachment_id":null,"x":0,"y":0},"gradient":"linear-gradient(135deg,rgba(6,147,227,1) 0%,rgb(155,81,224) 100%)","background_repeat":"no-repeat","background_size":"auto","background_attachment":"scroll","patternColor":{"default":{"color":"#e5e7ea"}},"overlayColor":{"default":{"color":"CT_CSS_SKIP_RULE"}},"backgroundColor":{"default":{"color":"var(--theme-palette-color-8)"}}},"content_boxed_shadow":{"inherit":false,"blur":18,"spread":-6,"v_offset":12,"h_offset":0,"inset":false,"enable":true,"color":{"color":"rgba(34, 56, 101, 0.04)"}},"boxed_content_spacing":{"desktop":{"top":"40px","bottom":"40px","left":"40px","right":"40px","linked":true},"tablet":{"top":"35px","bottom":"35px","left":"35px","right":"35px","linked":true},"mobile":{"top":"20px","bottom":"20px","left":"20px","right":"20px","linked":true}},"content_boxed_radius":{"top":"3px","bottom":"3px","left":"3px","right":"3px","linked":true},"5fa90a9be3fee043bc80a5891e8af34d":"","disable_featured_image":"no","disable_header":"no","disable_footer":"no","bcd22001cc5c0a92befa2ea05ab04997":"","881ac0dc9096f06b06cdbee0d520e399":"","d1de947640cfce7d58ff163e4a93db35":"","d5d2b65c660b2d81e0276418e39f20f2":"","10e618a167872456f038d6c7da9abea5":"","9e2df1773f22bb08864236bfc95a1c9d":"","cd9a3afc558dcf4799240fef2de114d3":"","ad43a03c64c412d60bb09bb98758e7e0":""},"_links":{"self":[{"href":"https:\/\/nusta.co\/index.php\/wp-json\/wp\/v2\/pages\/2204","targetHints":{"allow":["GET"]}}],"collection":[{"href":"https:\/\/nusta.co\/index.php\/wp-json\/wp\/v2\/pages"}],"about":[{"href":"https:\/\/nusta.co\/index.php\/wp-json\/wp\/v2\/types\/page"}],"author":[{"embeddable":true,"href":"https:\/\/nusta.co\/index.php\/wp-json\/wp\/v2\/users\/1"}],"replies":[{"embeddable":true,"href":"https:\/\/nusta.co\/index.php\/wp-json\/wp\/v2\/comments?post=2204"}],"version-history":[{"count":32,"href":"https:\/\/nusta.co\/index.php\/wp-json\/wp\/v2\/pages\/2204\/revisions"}],"predecessor-version":[{"id":3687,"href":"https:\/\/nusta.co\/index.php\/wp-json\/wp\/v2\/pages\/2204\/revisions\/3687"}],"wp:attachment":[{"href":"https:\/\/nusta.co\/index.php\/wp-json\/wp\/v2\/media?parent=2204"}],"curies":[{"name":"wp","href":"https:\/\/api.w.org\/{rel}","templated":true}]}}