{"id":3118,"date":"2024-01-07T22:54:15","date_gmt":"2024-01-07T21:54:15","guid":{"rendered":"https:\/\/nusta.co\/?page_id=3118"},"modified":"2026-03-13T15:09:22","modified_gmt":"2026-03-13T14:09:22","slug":"dernierhommage","status":"publish","type":"page","link":"https:\/\/nusta.co\/index.php\/dernierhommage\/","title":{"rendered":"Dernier hommage &#8211; Livraison"},"content":{"rendered":"\n<p class=\"has-palette-color-4-color has-text-color has-link-color wp-elements-13668a8178af4c21e68986349f775fde\">Pour rendre un dernier hommage \u00e0 vos proches, <em>\u00d1usta<\/em> vous propose diff\u00e9rents types d\u2019arrangements et de compositions florales pour des obs\u00e8ques. <\/p>\n\n\n\n<p class=\"has-palette-color-4-color has-text-color has-link-color wp-elements-65453ac192232d616672eebd912e67ee\">Voici quelques informations n\u00e9cessaires pour vous accompagner au mieux:<\/p>\n\n\n<div class=\"wpforms-container wpforms-container-full wpforms-block wpforms-block-c6576200-2af8-4a86-b16d-91c843502d76\" id=\"wpforms-3121\"><form id=\"wpforms-form-3121\" class=\"wpforms-validate wpforms-form wpforms-ajax-form\" data-formid=\"3121\" method=\"post\" enctype=\"multipart\/form-data\" action=\"\/index.php\/wp-json\/wp\/v2\/pages\/3118\" data-token=\"e6de6ee3c901508438d936bd5597acb5\"><noscript class=\"wpforms-error-noscript\">Veuillez activer JavaScript dans votre navigateur pour remplir ce formulaire.<\/noscript><div class=\"wpforms-field-container\"><div id=\"wpforms-3121-field_6-container\" class=\"wpforms-field wpforms-field-text\" data-field-id=\"6\"><label class=\"wpforms-field-label\" for=\"wpforms-3121-field_6\">Exp\u00e9diteur <span class=\"wpforms-required-label\">*<\/span><\/label><input type=\"text\" id=\"wpforms-3121-field_6\" class=\"wpforms-field-medium wpforms-field-required\" name=\"wpforms[fields][6]\" required><\/div><div id=\"wpforms-3121-field_8-container\" class=\"wpforms-field wpforms-field-text\" data-field-id=\"8\"><label class=\"wpforms-field-label\" for=\"wpforms-3121-field_8\">N\u00b0 de t\u00e9l\u00e9phone <span class=\"wpforms-required-label\">*<\/span><\/label><input type=\"text\" id=\"wpforms-3121-field_8\" class=\"wpforms-field-medium wpforms-field-required\" name=\"wpforms[fields][8]\" required><\/div><div id=\"wpforms-3121-field_2-container\" class=\"wpforms-field wpforms-field-text\" data-field-id=\"2\"><label class=\"wpforms-field-label\" for=\"wpforms-3121-field_2\">Nom du \/ de la d\u00e9funt(e) <span class=\"wpforms-required-label\">*<\/span><\/label><input type=\"text\" id=\"wpforms-3121-field_2\" class=\"wpforms-field-medium wpforms-field-required\" name=\"wpforms[fields][2]\" required><\/div><div id=\"wpforms-3121-field_9-container\" class=\"wpforms-field wpforms-field-text\" data-field-id=\"9\"><label class=\"wpforms-field-label\" for=\"wpforms-3121-field_9\">Date et heure de la c\u00e9r\u00e9monie <span class=\"wpforms-required-label\">*<\/span><\/label><input type=\"text\" id=\"wpforms-3121-field_9\" class=\"wpforms-field-medium wpforms-field-required\" name=\"wpforms[fields][9]\" required><\/div><div id=\"wpforms-3121-field_12-container\" class=\"wpforms-field wpforms-field-textarea\" data-field-id=\"12\"><label class=\"wpforms-field-label\" for=\"wpforms-3121-field_12\">Information de livraison  <span class=\"wpforms-required-label\">*<\/span><\/label><textarea id=\"wpforms-3121-field_12\" class=\"wpforms-field-medium wpforms-field-required\" name=\"wpforms[fields][12]\" required><\/textarea><div class=\"wpforms-field-description\">Pr\u00e9ciser le lieu de livraison, son adresse et la ville. \r\n<\/div><\/div><div id=\"wpforms-3121-field_13-container\" class=\"wpforms-field wpforms-field-checkbox wpforms-list-3-columns\" data-field-id=\"13\"><label class=\"wpforms-field-label\" for=\"wpforms-3121-field_13\">Type de composition<\/label><ul id=\"wpforms-3121-field_13\" class=\"wpforms-image-choices wpforms-image-choices-modern\"><li class=\"choice-1 depth-1 wpforms-image-choices-item\"><label class=\"wpforms-field-label-inline\" for=\"wpforms-3121-field_13_1\" tabindex=\"0\"><span class=\"wpforms-image-choices-image\"><img decoding=\"async\" src=\"http:\/\/nusta.co\/wp-content\/uploads\/2022\/01\/Coussin-rond-1-scaled.jpg\" alt=\"Coussin rond\" title=\"Coussin rond\"><\/span><input type=\"checkbox\" id=\"wpforms-3121-field_13_1\" class=\"wpforms-screen-reader-element\" name=\"wpforms[fields][13][]\" value=\"Coussin rond\" tabindex=\"-1\"  ><span class=\"wpforms-image-choices-label\">Coussin rond<\/span><\/label><\/li><li class=\"choice-2 depth-1 wpforms-image-choices-item\"><label class=\"wpforms-field-label-inline\" for=\"wpforms-3121-field_13_2\" tabindex=\"0\"><span class=\"wpforms-image-choices-image\"><img decoding=\"async\" src=\"http:\/\/nusta.co\/wp-content\/uploads\/2021\/12\/PXL_20211028_123603278-1-scaled.jpg\" alt=\"Raquette\" title=\"Raquette\"><\/span><input type=\"checkbox\" id=\"wpforms-3121-field_13_2\" class=\"wpforms-screen-reader-element\" name=\"wpforms[fields][13][]\" value=\"Raquette\" tabindex=\"-1\"  ><span class=\"wpforms-image-choices-label\">Raquette<\/span><\/label><\/li><li class=\"choice-3 depth-1 wpforms-image-choices-item\"><label class=\"wpforms-field-label-inline\" for=\"wpforms-3121-field_13_3\" tabindex=\"0\"><span class=\"wpforms-image-choices-image\"><img decoding=\"async\" src=\"http:\/\/nusta.co\/wp-content\/uploads\/2022\/01\/coeur3-scaled.jpg\" alt=\"Coeur\" title=\"Coeur\"><\/span><input type=\"checkbox\" id=\"wpforms-3121-field_13_3\" class=\"wpforms-screen-reader-element\" name=\"wpforms[fields][13][]\" value=\"Coeur\" tabindex=\"-1\"  ><span class=\"wpforms-image-choices-label\">Coeur<\/span><\/label><\/li><li class=\"choice-4 depth-1 wpforms-image-choices-item\"><label class=\"wpforms-field-label-inline\" for=\"wpforms-3121-field_13_4\" tabindex=\"0\"><span class=\"wpforms-image-choices-image\"><\/span><input type=\"checkbox\" id=\"wpforms-3121-field_13_4\" class=\"wpforms-screen-reader-element\" name=\"wpforms[fields][13][]\" value=\"Croix\" tabindex=\"-1\"  ><span class=\"wpforms-image-choices-label\">Croix<\/span><\/label><\/li><li class=\"choice-5 depth-1 wpforms-image-choices-item\"><label class=\"wpforms-field-label-inline\" for=\"wpforms-3121-field_13_5\" tabindex=\"0\"><span class=\"wpforms-image-choices-image\"><\/span><input type=\"checkbox\" id=\"wpforms-3121-field_13_5\" class=\"wpforms-screen-reader-element\" name=\"wpforms[fields][13][]\" value=\"Dessus de cercueil\" tabindex=\"-1\"  ><span class=\"wpforms-image-choices-label\">Dessus de cercueil<\/span><\/label><\/li><\/ul><\/div><div id=\"wpforms-3121-field_14-container\" class=\"wpforms-field wpforms-field-checkbox wpforms-list-2-columns\" data-field-id=\"14\"><label class=\"wpforms-field-label\" for=\"wpforms-3121-field_14\">Coloris<\/label><ul id=\"wpforms-3121-field_14\"><li class=\"choice-1 depth-1\"><input type=\"checkbox\" id=\"wpforms-3121-field_14_1\" name=\"wpforms[fields][14][]\" value=\"Blanc \/ vert\"  ><label class=\"wpforms-field-label-inline\" for=\"wpforms-3121-field_14_1\">Blanc \/ vert<\/label><\/li><li class=\"choice-2 depth-1\"><input type=\"checkbox\" id=\"wpforms-3121-field_14_2\" name=\"wpforms[fields][14][]\" value=\"Pastel\"  ><label class=\"wpforms-field-label-inline\" for=\"wpforms-3121-field_14_2\">Pastel<\/label><\/li><li class=\"choice-3 depth-1\"><input type=\"checkbox\" id=\"wpforms-3121-field_14_3\" name=\"wpforms[fields][14][]\" value=\"Color\u00e9 doux\"  ><label class=\"wpforms-field-label-inline\" for=\"wpforms-3121-field_14_3\">Color\u00e9 doux<\/label><\/li><li class=\"choice-4 depth-1\"><input type=\"checkbox\" id=\"wpforms-3121-field_14_4\" name=\"wpforms[fields][14][]\" value=\"Color\u00e9 vif\"  ><label class=\"wpforms-field-label-inline\" for=\"wpforms-3121-field_14_4\">Color\u00e9 vif<\/label><\/li><\/ul><\/div><div id=\"wpforms-3121-field_4-container\" class=\"wpforms-field wpforms-field-checkbox wpforms-list-2-columns\" data-field-id=\"4\"><label class=\"wpforms-field-label\" for=\"wpforms-3121-field_4\">Ruban <\/label><ul id=\"wpforms-3121-field_4\"><li class=\"choice-1 depth-1\"><input type=\"checkbox\" id=\"wpforms-3121-field_4_1\" name=\"wpforms[fields][4][]\" value=\"oui\"  ><label class=\"wpforms-field-label-inline\" for=\"wpforms-3121-field_4_1\">oui<\/label><\/li><li class=\"choice-2 depth-1\"><input type=\"checkbox\" id=\"wpforms-3121-field_4_2\" name=\"wpforms[fields][4][]\" value=\"non\"  ><label class=\"wpforms-field-label-inline\" for=\"wpforms-3121-field_4_2\">non<\/label><\/li><\/ul><\/div><div id=\"wpforms-3121-field_5-container\" class=\"wpforms-field wpforms-field-text\" data-field-id=\"5\"><label class=\"wpforms-field-label\" for=\"wpforms-3121-field_5\">Message sur le ruban<\/label><input type=\"text\" id=\"wpforms-3121-field_5\" class=\"wpforms-field-medium\" name=\"wpforms[fields][5]\" ><\/div><div id=\"wpforms-3121-field_7-container\" class=\"wpforms-field wpforms-field-textarea\" data-field-id=\"7\"><label class=\"wpforms-field-label\" for=\"wpforms-3121-field_7\">Message (carte)<\/label><textarea id=\"wpforms-3121-field_7\" class=\"wpforms-field-medium\" name=\"wpforms[fields][7]\" ><\/textarea><\/div><\/div><!-- .wpforms-field-container --><div class=\"wpforms-submit-container\" ><input type=\"hidden\" name=\"wpforms[id]\" value=\"3121\"><input type=\"hidden\" name=\"wpforms[author]\" value=\"1\"><button type=\"submit\" name=\"wpforms[submit]\" id=\"wpforms-submit-3121\" class=\"wpforms-submit\" data-alt-text=\"Envoi...\" data-submit-text=\"Envoyer\" aria-live=\"assertive\" value=\"wpforms-submit\">Envoyer<\/button><img decoding=\"async\" src=\"https:\/\/nusta.co\/wp-content\/plugins\/wpforms-lite\/assets\/images\/submit-spin.svg\" class=\"wpforms-submit-spinner\" style=\"display: none;\" width=\"26\" height=\"26\" alt=\"Chargement en cours\"><\/div><\/form><\/div>  <!-- .wpforms-container -->","protected":false},"excerpt":{"rendered":"<p>Pour rendre un dernier hommage \u00e0 vos proches, \u00d1usta vous propose diff\u00e9rents types d\u2019arrangements et de compositions florales pour des obs\u00e8ques. Voici quelques informations n\u00e9cessaires pour vous accompagner au mieux:<\/p>\n","protected":false},"author":1,"featured_media":0,"parent":0,"menu_order":0,"comment_status":"closed","ping_status":"closed","template":"","meta":{"qubely_global_settings":"","qubely_interactions":"","_monsterinsights_skip_tracking":false,"_monsterinsights_sitenote_active":false,"_monsterinsights_sitenote_note":"","_monsterinsights_sitenote_category":0,"footnotes":""},"class_list":["post-3118","page","type-page","status-publish","hentry"],"blocksy_meta":{"background":{"background_type":{"background_type":"color","background_pattern":"type-1","background_image":{"attachment_id":1390,"x":0.47,"y":0.22,"url":"http:\/\/nusta.co\/wp-content\/uploads\/2021\/09\/Copie-de-Copie-de-Avec-la-liberte-les-livres-les-fleurs-et-la-lune-qui-pourrait-ne-pas-etre-heureux--1024x577.png"},"gradient":"linear-gradient(135deg,rgba(6,147,227,1) 0%,rgb(155,81,224) 100%)","background_repeat":"no-repeat","background_size":"cover","background_attachment":"scroll","patternColor":{"default":{"color":"#e5e7ea"}},"overlayColor":{"default":{"color":"CT_CSS_SKIP_RULE"}},"backgroundColor":{"default":{"color":"var(--theme-palette-color-8)"}}},"background_pattern":{"background_type":"color","background_pattern":"type-1","background_image":{"attachment_id":1390,"x":0.47,"y":0.22,"url":"http:\/\/nusta.co\/wp-content\/uploads\/2021\/09\/Copie-de-Copie-de-Avec-la-liberte-les-livres-les-fleurs-et-la-lune-qui-pourrait-ne-pas-etre-heureux--1024x577.png"},"gradient":"linear-gradient(135deg,rgba(6,147,227,1) 0%,rgb(155,81,224) 100%)","background_repeat":"no-repeat","background_size":"cover","background_attachment":"scroll","patternColor":{"default":{"color":"#e5e7ea"}},"overlayColor":{"default":{"color":"CT_CSS_SKIP_RULE"}},"backgroundColor":{"default":{"color":"var(--theme-palette-color-8)"}}},"background_image":{"background_type":"color","background_pattern":"type-1","background_image":{"attachment_id":1390,"x":0.47,"y":0.22,"url":"http:\/\/nusta.co\/wp-content\/uploads\/2021\/09\/Copie-de-Copie-de-Avec-la-liberte-les-livres-les-fleurs-et-la-lune-qui-pourrait-ne-pas-etre-heureux--1024x577.png"},"gradient":"linear-gradient(135deg,rgba(6,147,227,1) 0%,rgb(155,81,224) 100%)","background_repeat":"no-repeat","background_size":"cover","background_attachment":"scroll","patternColor":{"default":{"color":"#e5e7ea"}},"overlayColor":{"default":{"color":"CT_CSS_SKIP_RULE"}},"backgroundColor":{"default":{"color":"var(--theme-palette-color-8)"}}},"gradient":{"background_type":"color","background_pattern":"type-1","background_image":{"attachment_id":1390,"x":0.47,"y":0.22,"url":"http:\/\/nusta.co\/wp-content\/uploads\/2021\/09\/Copie-de-Copie-de-Avec-la-liberte-les-livres-les-fleurs-et-la-lune-qui-pourrait-ne-pas-etre-heureux--1024x577.png"},"gradient":"linear-gradient(135deg,rgba(6,147,227,1) 0%,rgb(155,81,224) 100%)","background_repeat":"no-repeat","background_size":"cover","background_attachment":"scroll","patternColor":{"default":{"color":"#e5e7ea"}},"overlayColor":{"default":{"color":"CT_CSS_SKIP_RULE"}},"backgroundColor":{"default":{"color":"var(--theme-palette-color-8)"}}},"background_repeat":{"background_type":"color","background_pattern":"type-1","background_image":{"attachment_id":1390,"x":0.47,"y":0.22,"url":"http:\/\/nusta.co\/wp-content\/uploads\/2021\/09\/Copie-de-Copie-de-Avec-la-liberte-les-livres-les-fleurs-et-la-lune-qui-pourrait-ne-pas-etre-heureux--1024x577.png"},"gradient":"linear-gradient(135deg,rgba(6,147,227,1) 0%,rgb(155,81,224) 100%)","background_repeat":"no-repeat","background_size":"cover","background_attachment":"scroll","patternColor":{"default":{"color":"#e5e7ea"}},"overlayColor":{"default":{"color":"CT_CSS_SKIP_RULE"}},"backgroundColor":{"default":{"color":"var(--theme-palette-color-8)"}}},"background_size":{"background_type":"color","background_pattern":"type-1","background_image":{"attachment_id":1390,"x":0.47,"y":0.22,"url":"http:\/\/nusta.co\/wp-content\/uploads\/2021\/09\/Copie-de-Copie-de-Avec-la-liberte-les-livres-les-fleurs-et-la-lune-qui-pourrait-ne-pas-etre-heureux--1024x577.png"},"gradient":"linear-gradient(135deg,rgba(6,147,227,1) 0%,rgb(155,81,224) 100%)","background_repeat":"no-repeat","background_size":"cover","background_attachment":"scroll","patternColor":{"default":{"color":"#e5e7ea"}},"overlayColor":{"default":{"color":"CT_CSS_SKIP_RULE"}},"backgroundColor":{"default":{"color":"var(--theme-palette-color-8)"}}},"background_attachment":{"background_type":"color","background_pattern":"type-1","background_image":{"attachment_id":1390,"x":0.47,"y":0.22,"url":"http:\/\/nusta.co\/wp-content\/uploads\/2021\/09\/Copie-de-Copie-de-Avec-la-liberte-les-livres-les-fleurs-et-la-lune-qui-pourrait-ne-pas-etre-heureux--1024x577.png"},"gradient":"linear-gradient(135deg,rgba(6,147,227,1) 0%,rgb(155,81,224) 100%)","background_repeat":"no-repeat","background_size":"cover","background_attachment":"scroll","patternColor":{"default":{"color":"#e5e7ea"}},"overlayColor":{"default":{"color":"CT_CSS_SKIP_RULE"}},"backgroundColor":{"default":{"color":"var(--theme-palette-color-8)"}}},"patternColor":{"background_type":"color","background_pattern":"type-1","background_image":{"attachment_id":1390,"x":0.47,"y":0.22,"url":"http:\/\/nusta.co\/wp-content\/uploads\/2021\/09\/Copie-de-Copie-de-Avec-la-liberte-les-livres-les-fleurs-et-la-lune-qui-pourrait-ne-pas-etre-heureux--1024x577.png"},"gradient":"linear-gradient(135deg,rgba(6,147,227,1) 0%,rgb(155,81,224) 100%)","background_repeat":"no-repeat","background_size":"cover","background_attachment":"scroll","patternColor":{"default":{"color":"#e5e7ea"}},"overlayColor":{"default":{"color":"CT_CSS_SKIP_RULE"}},"backgroundColor":{"default":{"color":"var(--theme-palette-color-8)"}}},"overlayColor":{"background_type":"color","background_pattern":"type-1","background_image":{"attachment_id":1390,"x":0.47,"y":0.22,"url":"http:\/\/nusta.co\/wp-content\/uploads\/2021\/09\/Copie-de-Copie-de-Avec-la-liberte-les-livres-les-fleurs-et-la-lune-qui-pourrait-ne-pas-etre-heureux--1024x577.png"},"gradient":"linear-gradient(135deg,rgba(6,147,227,1) 0%,rgb(155,81,224) 100%)","background_repeat":"no-repeat","background_size":"cover","background_attachment":"scroll","patternColor":{"default":{"color":"#e5e7ea"}},"overlayColor":{"default":{"color":"CT_CSS_SKIP_RULE"}},"backgroundColor":{"default":{"color":"var(--theme-palette-color-8)"}}},"backgroundColor":{"background_type":"color","background_pattern":"type-1","background_image":{"attachment_id":1390,"x":0.47,"y":0.22,"url":"http:\/\/nusta.co\/wp-content\/uploads\/2021\/09\/Copie-de-Copie-de-Avec-la-liberte-les-livres-les-fleurs-et-la-lune-qui-pourrait-ne-pas-etre-heureux--1024x577.png"},"gradient":"linear-gradient(135deg,rgba(6,147,227,1) 0%,rgb(155,81,224) 100%)","background_repeat":"no-repeat","background_size":"cover","background_attachment":"scroll","patternColor":{"default":{"color":"#e5e7ea"}},"overlayColor":{"default":{"color":"CT_CSS_SKIP_RULE"}},"backgroundColor":{"default":{"color":"var(--theme-palette-color-8)"}}},"desktop":{"background_type":"image","background_pattern":"type-1","background_image":{"attachment_id":1390,"x":0.47,"y":0.22,"url":"http:\/\/nusta.co\/wp-content\/uploads\/2021\/09\/Copie-de-Copie-de-Avec-la-liberte-les-livres-les-fleurs-et-la-lune-qui-pourrait-ne-pas-etre-heureux--1024x577.png"},"gradient":"linear-gradient(135deg,rgba(6,147,227,1) 0%,rgb(155,81,224) 100%)","background_repeat":"no-repeat","background_size":"cover","background_attachment":"scroll","patternColor":{"default":{"color":"#e5e7ea"}},"overlayColor":{"default":{"color":"CT_CSS_SKIP_RULE"}},"backgroundColor":{"default":{"color":"#ffffff"}}},"tablet":{"background_type":"color","background_pattern":"type-1","background_image":{"attachment_id":1390,"x":0.47,"y":0.22,"url":"http:\/\/nusta.co\/wp-content\/uploads\/2021\/09\/Copie-de-Copie-de-Avec-la-liberte-les-livres-les-fleurs-et-la-lune-qui-pourrait-ne-pas-etre-heureux--1024x577.png"},"gradient":"linear-gradient(135deg,rgba(6,147,227,1) 0%,rgb(155,81,224) 100%)","background_repeat":"no-repeat","background_size":"cover","background_attachment":"scroll","patternColor":{"default":{"color":"#e5e7ea"}},"overlayColor":{"default":{"color":"CT_CSS_SKIP_RULE"}},"backgroundColor":{"default":{"color":"var(--theme-palette-color-8)"}}},"mobile":{"background_type":"color","background_pattern":"type-1","background_image":{"attachment_id":1390,"x":0.47,"y":0.22,"url":"http:\/\/nusta.co\/wp-content\/uploads\/2021\/09\/Copie-de-Copie-de-Avec-la-liberte-les-livres-les-fleurs-et-la-lune-qui-pourrait-ne-pas-etre-heureux--1024x577.png"},"gradient":"linear-gradient(135deg,rgba(6,147,227,1) 0%,rgb(155,81,224) 100%)","background_repeat":"no-repeat","background_size":"cover","background_attachment":"scroll","patternColor":{"default":{"color":"#e5e7ea"}},"overlayColor":{"default":{"color":"CT_CSS_SKIP_RULE"}},"backgroundColor":{"default":{"color":"var(--theme-palette-color-8)"}}},"__changed":["tablet"]},"styles_descriptor":{"styles":{"desktop":"[data-prefix=\"single_page\"] {background-position:47% 22%;background-size:cover;background-repeat:no-repeat;background-color:#ffffff;background-image:url(https:\/\/nusta.co\/wp-content\/uploads\/2021\/09\/Copie-de-Copie-de-Avec-la-liberte-les-livres-les-fleurs-et-la-lune-qui-pourrait-ne-pas-etre-heureux-.png);}","tablet":"[data-prefix=\"single_page\"] {background-color:var(--theme-palette-color-8);background-image:none;}","mobile":""},"google_fonts":[],"version":6}},"_links":{"self":[{"href":"https:\/\/nusta.co\/index.php\/wp-json\/wp\/v2\/pages\/3118","targetHints":{"allow":["GET"]}}],"collection":[{"href":"https:\/\/nusta.co\/index.php\/wp-json\/wp\/v2\/pages"}],"about":[{"href":"https:\/\/nusta.co\/index.php\/wp-json\/wp\/v2\/types\/page"}],"author":[{"embeddable":true,"href":"https:\/\/nusta.co\/index.php\/wp-json\/wp\/v2\/users\/1"}],"replies":[{"embeddable":true,"href":"https:\/\/nusta.co\/index.php\/wp-json\/wp\/v2\/comments?post=3118"}],"version-history":[{"count":7,"href":"https:\/\/nusta.co\/index.php\/wp-json\/wp\/v2\/pages\/3118\/revisions"}],"predecessor-version":[{"id":3902,"href":"https:\/\/nusta.co\/index.php\/wp-json\/wp\/v2\/pages\/3118\/revisions\/3902"}],"wp:attachment":[{"href":"https:\/\/nusta.co\/index.php\/wp-json\/wp\/v2\/media?parent=3118"}],"curies":[{"name":"wp","href":"https:\/\/api.w.org\/{rel}","templated":true}]}}