{"id":3830,"date":"2026-03-07T14:57:34","date_gmt":"2026-03-07T13:57:34","guid":{"rendered":"https:\/\/nusta.co\/?page_id=3830"},"modified":"2026-03-07T15:19:45","modified_gmt":"2026-03-07T14:19:45","slug":"accueil-elementor","status":"publish","type":"page","link":"https:\/\/nusta.co\/index.php\/accueil-elementor\/","title":{"rendered":"Accueil ELEMENTOR"},"content":{"rendered":"\t\t<div data-elementor-type=\"wp-page\" data-elementor-id=\"3830\" class=\"elementor elementor-3830\" data-elementor-post-type=\"page\">\n\t\t\t\t\t\t<section class=\"elementor-section elementor-top-section elementor-element elementor-element-2ac0a93 elementor-section-boxed elementor-section-height-default elementor-section-height-default\" data-id=\"2ac0a93\" data-element_type=\"section\">\n\t\t\t\t\t\t<div class=\"elementor-container elementor-column-gap-default\">\n\t\t\t\t\t<div class=\"elementor-column elementor-col-100 elementor-top-column elementor-element elementor-element-a0d774a\" data-id=\"a0d774a\" data-element_type=\"column\">\n\t\t\t<div class=\"elementor-widget-wrap elementor-element-populated\">\n\t\t\t\t\t\t<div class=\"elementor-element elementor-element-670f0fd elementor-widget elementor-widget-image\" data-id=\"670f0fd\" data-element_type=\"widget\" data-widget_type=\"image.default\">\n\t\t\t\t<div class=\"elementor-widget-container\">\n\t\t\t\t\t\t\t\t\t\t\t\t\t\t\t<img fetchpriority=\"high\" decoding=\"async\" width=\"1024\" height=\"512\" src=\"https:\/\/nusta.co\/wp-content\/uploads\/2026\/03\/3-1024x512.png\" class=\"attachment-large size-large wp-image-3834\" alt=\"Avec la libert\u00e9, les livres, les fleurs et la lune, qui ne pourrait pas \u00eatre heureux?\" srcset=\"https:\/\/nusta.co\/wp-content\/uploads\/2026\/03\/3-1024x512.png 1024w, https:\/\/nusta.co\/wp-content\/uploads\/2026\/03\/3-300x150.png 300w, https:\/\/nusta.co\/wp-content\/uploads\/2026\/03\/3-768x384.png 768w, https:\/\/nusta.co\/wp-content\/uploads\/2026\/03\/3-1536x768.png 1536w, https:\/\/nusta.co\/wp-content\/uploads\/2026\/03\/3-2048x1024.png 2048w\" sizes=\"(max-width: 1024px) 100vw, 1024px\" \/>\t\t\t\t\t\t\t\t\t\t\t\t\t\t\t<\/div>\n\t\t\t\t<\/div>\n\t\t\t\t<div class=\"elementor-element elementor-element-e8c62e9 elementor-widget elementor-widget-image\" data-id=\"e8c62e9\" data-element_type=\"widget\" data-widget_type=\"image.default\">\n\t\t\t\t<div class=\"elementor-widget-container\">\n\t\t\t\t\t\t\t\t\t\t\t\t\t\t\t<img decoding=\"async\" width=\"1024\" height=\"684\" src=\"https:\/\/nusta.co\/wp-content\/uploads\/2025\/04\/Autome-Le-studio-des-4-saisons-1024x684.png\" class=\"attachment-large size-large wp-image-3722\" alt=\"Beautiful bespoke arch made of books and adorned with autumn flowers\" srcset=\"https:\/\/nusta.co\/wp-content\/uploads\/2025\/04\/Autome-Le-studio-des-4-saisons-1024x684.png 1024w, https:\/\/nusta.co\/wp-content\/uploads\/2025\/04\/Autome-Le-studio-des-4-saisons-300x200.png 300w, https:\/\/nusta.co\/wp-content\/uploads\/2025\/04\/Autome-Le-studio-des-4-saisons-768x513.png 768w, https:\/\/nusta.co\/wp-content\/uploads\/2025\/04\/Autome-Le-studio-des-4-saisons-600x401.png 600w, https:\/\/nusta.co\/wp-content\/uploads\/2025\/04\/Autome-Le-studio-des-4-saisons.png 1072w\" sizes=\"(max-width: 1024px) 100vw, 1024px\" \/>\t\t\t\t\t\t\t\t\t\t\t\t\t\t\t<\/div>\n\t\t\t\t<\/div>\n\t\t\t\t\t<\/div>\n\t\t<\/div>\n\t\t\t\t\t<\/div>\n\t\t<\/section>\n\t\t\t\t<section class=\"elementor-section elementor-top-section elementor-element elementor-element-574a25d9 elementor-section-full_width elementor-section-height-min-height elementor-section-items-stretch ct-section-stretched elementor-section-height-default\" data-id=\"574a25d9\" data-element_type=\"section\">\n\t\t\t\t\t\t<div class=\"elementor-container elementor-column-gap-default\">\n\t\t\t\t\t<div class=\"elementor-column elementor-col-50 elementor-top-column elementor-element elementor-element-5652ba72\" data-id=\"5652ba72\" data-element_type=\"column\" data-settings=\"{&quot;background_background&quot;:&quot;classic&quot;}\">\n\t\t\t<div class=\"elementor-widget-wrap elementor-element-populated\">\n\t\t\t\t\t\t<div class=\"elementor-element elementor-element-303a58d3 elementor-widget elementor-widget-spacer\" data-id=\"303a58d3\" data-element_type=\"widget\" data-widget_type=\"spacer.default\">\n\t\t\t\t<div class=\"elementor-widget-container\">\n\t\t\t\t\t\t\t<div class=\"elementor-spacer\">\n\t\t\t<div class=\"elementor-spacer-inner\"><\/div>\n\t\t<\/div>\n\t\t\t\t\t\t<\/div>\n\t\t\t\t<\/div>\n\t\t\t\t\t<\/div>\n\t\t<\/div>\n\t\t\t\t<div class=\"elementor-column elementor-col-50 elementor-top-column elementor-element elementor-element-3c1fa8e\" data-id=\"3c1fa8e\" data-element_type=\"column\">\n\t\t\t<div class=\"elementor-widget-wrap elementor-element-populated\">\n\t\t\t\t\t\t<div class=\"elementor-element elementor-element-124d6127 elementor-widget elementor-widget-heading\" data-id=\"124d6127\" data-element_type=\"widget\" data-widget_type=\"heading.default\">\n\t\t\t\t<div class=\"elementor-widget-container\">\n\t\t\t\t\t<h2 class=\"elementor-heading-title elementor-size-default\">Bienvenue<\/h2>\t\t\t\t<\/div>\n\t\t\t\t<\/div>\n\t\t\t\t<div class=\"elementor-element elementor-element-65c732ef elementor-widget elementor-widget-heading\" data-id=\"65c732ef\" data-element_type=\"widget\" data-widget_type=\"heading.default\">\n\t\t\t\t<div class=\"elementor-widget-container\">\n\t\t\t\t\t<h2 class=\"elementor-heading-title elementor-size-default\">Nusta<\/h2>\t\t\t\t<\/div>\n\t\t\t\t<\/div>\n\t\t\t\t<div class=\"elementor-element elementor-element-7e21a12 elementor-widget__width-inherit elementor-widget elementor-widget-text-editor\" data-id=\"7e21a12\" data-element_type=\"widget\" data-widget_type=\"text-editor.default\">\n\t\t\t\t<div class=\"elementor-widget-container\">\n\t\t\t\t\t\t\t\t\t<figure class=\"wp-block-image aligncenter size-full is-resized\">\n<figcaption class=\"wp-element-caption\"><span class=\"qubely-custom-font\" style=\"font-size: 31px;\" data-fontsize=\"31\"><span class=\"qubely-text-has-color\" style=\"color: #b68911;\">C\u2019est l\u2019histoire d\u2019un grand virage.<\/span><\/span><\/figcaption>\n<\/figure>\n<p class=\"has-text-align-center has-palette-color-4-color has-text-color\">\n<\/p><p class=\"has-text-align-center has-palette-color-4-color has-text-color\">Celui<br>d\u2019une amoureuse des fleurs, de leurs couleurs, formes, parfums, et<br>textures aux 1001 possibilit\u00e9s, qui fait de ce grand amour son m\u00e9tier.<\/p>\n<p class=\"has-text-align-center has-palette-color-4-color has-text-color\">_&nbsp;<img decoding=\"async\" class=\"wp-image-3619\" style=\"width: 230px; height: auto;\" src=\"http:\/\/nusta.co\/wp-content\/uploads\/2024\/10\/Ludovic-Grau-Mingot-Workshop-Floral-Atelier-8-501-768x1024.jpg\" alt=\"\"><\/p>\n<p class=\"has-text-align-center has-palette-color-4-color has-text-color\">Fleuriste en atelier priv\u00e9 \u00e0 Menton sur la C\u00f4te d\u2019Azur,<\/p>\n<p class=\"has-text-align-center has-palette-color-4-color has-text-color\"><em>\u00d1usta <\/em>fleurit vos moments importants <a title=\"sur commande.\" href=\"https:\/\/nusta.co\/index.php\/contact\/\">sur commande.<\/a><\/p><p class=\"has-text-align-center has-palette-color-4-color has-text-color\"><br><\/p><p class=\"has-text-align-center has-palette-color-4-color has-text-color\">&#8211;<\/p>\t\t\t\t\t\t\t\t<\/div>\n\t\t\t\t<\/div>\n\t\t\t\t\t<\/div>\n\t\t<\/div>\n\t\t\t\t\t<\/div>\n\t\t<\/section>\n\t\t\t\t<section class=\"elementor-section elementor-top-section elementor-element elementor-element-13ff3ba6 elementor-section-height-min-height elementor-hidden-tablet elementor-hidden-mobile elementor-section-boxed elementor-section-height-default elementor-section-items-middle\" data-id=\"13ff3ba6\" data-element_type=\"section\" data-settings=\"{&quot;background_background&quot;:&quot;classic&quot;}\">\n\t\t\t\t\t\t\t<div class=\"elementor-background-overlay\"><\/div>\n\t\t\t\t\t\t\t<div class=\"elementor-container elementor-column-gap-default\">\n\t\t\t\t\t<div class=\"elementor-column elementor-col-100 elementor-top-column elementor-element elementor-element-68b3451c\" data-id=\"68b3451c\" data-element_type=\"column\">\n\t\t\t<div class=\"elementor-widget-wrap elementor-element-populated\">\n\t\t\t\t\t\t<div class=\"elementor-element elementor-element-583303e5 e-transform elementor-widget elementor-widget-heading\" data-id=\"583303e5\" data-element_type=\"widget\" data-settings=\"{&quot;_transform_rotateZ_effect&quot;:{&quot;unit&quot;:&quot;px&quot;,&quot;size&quot;:-3,&quot;sizes&quot;:[]},&quot;_transform_rotateZ_effect_tablet&quot;:{&quot;unit&quot;:&quot;deg&quot;,&quot;size&quot;:&quot;&quot;,&quot;sizes&quot;:[]},&quot;_transform_rotateZ_effect_mobile&quot;:{&quot;unit&quot;:&quot;deg&quot;,&quot;size&quot;:&quot;&quot;,&quot;sizes&quot;:[]}}\" data-widget_type=\"heading.default\">\n\t\t\t\t<div class=\"elementor-widget-container\">\n\t\t\t\t\t<h2 class=\"elementor-heading-title elementor-size-default\">Bienvenue dans ce jardin baign\u00e9 de douceur, de fleurs et de lumi\u00e8re.<\/h2>\t\t\t\t<\/div>\n\t\t\t\t<\/div>\n\t\t\t\t\t<\/div>\n\t\t<\/div>\n\t\t\t\t\t<\/div>\n\t\t<\/section>\n\t\t\t\t<\/div>\n\t\t","protected":false},"excerpt":{"rendered":"<p>Bienvenue Nusta C\u2019est l\u2019histoire d\u2019un grand virage. Celuid\u2019une amoureuse des fleurs, de leurs couleurs, formes, parfums, ettextures aux 1001 possibilit\u00e9s, qui fait de ce grand amour son m\u00e9tier. _&nbsp; Fleuriste en atelier priv\u00e9 \u00e0 Menton sur la C\u00f4te d\u2019Azur, \u00d1usta fleurit vos moments importants sur commande. &#8211; Bienvenue dans ce jardin baign\u00e9 de douceur, de [&hellip;]<\/p>\n","protected":false},"author":1,"featured_media":0,"parent":0,"menu_order":0,"comment_status":"closed","ping_status":"closed","template":"elementor_header_footer","meta":{"qubely_global_settings":"","qubely_interactions":"","_monsterinsights_skip_tracking":false,"_monsterinsights_sitenote_active":false,"_monsterinsights_sitenote_note":"","_monsterinsights_sitenote_category":0,"footnotes":""},"class_list":["post-3830","page","type-page","status-publish","hentry"],"blocksy_meta":{"content_style_source":"custom","content_style":{"desktop":"wide","tablet":"wide","mobile":"wide"},"vertical_spacing_source":"custom","content_area_spacing":"none","styles_descriptor":{"styles":{"desktop":"[data-prefix=\"single_page\"] [class*=\"ct-container\"] > article[class*=\"post\"] {--has-boxed:var(--false);--has-wide:var(--true);}","tablet":"","mobile":""},"google_fonts":[],"version":6}},"_links":{"self":[{"href":"https:\/\/nusta.co\/index.php\/wp-json\/wp\/v2\/pages\/3830","targetHints":{"allow":["GET"]}}],"collection":[{"href":"https:\/\/nusta.co\/index.php\/wp-json\/wp\/v2\/pages"}],"about":[{"href":"https:\/\/nusta.co\/index.php\/wp-json\/wp\/v2\/types\/page"}],"author":[{"embeddable":true,"href":"https:\/\/nusta.co\/index.php\/wp-json\/wp\/v2\/users\/1"}],"replies":[{"embeddable":true,"href":"https:\/\/nusta.co\/index.php\/wp-json\/wp\/v2\/comments?post=3830"}],"version-history":[{"count":16,"href":"https:\/\/nusta.co\/index.php\/wp-json\/wp\/v2\/pages\/3830\/revisions"}],"predecessor-version":[{"id":3857,"href":"https:\/\/nusta.co\/index.php\/wp-json\/wp\/v2\/pages\/3830\/revisions\/3857"}],"wp:attachment":[{"href":"https:\/\/nusta.co\/index.php\/wp-json\/wp\/v2\/media?parent=3830"}],"curies":[{"name":"wp","href":"https:\/\/api.w.org\/{rel}","templated":true}]}}