{"id":45,"date":"2021-08-06T11:11:33","date_gmt":"2021-08-06T09:11:33","guid":{"rendered":"https:\/\/nusta.co\/?page_id=45"},"modified":"2025-11-29T18:15:57","modified_gmt":"2025-11-29T17:15:57","slug":"accueil","status":"publish","type":"page","link":"https:\/\/nusta.co\/","title":{"rendered":"Bienvenue"},"content":{"rendered":"\n<figure class=\"wp-block-image alignfull size-full\"><img fetchpriority=\"high\" decoding=\"async\" width=\"1640\" height=\"375\" src=\"http:\/\/nusta.co\/wp-content\/uploads\/2024\/01\/Banniere-2024-1640-x-400-px-1640-x-375-px.png\" alt=\"\" class=\"wp-image-3113\" srcset=\"https:\/\/nusta.co\/wp-content\/uploads\/2024\/01\/Banniere-2024-1640-x-400-px-1640-x-375-px.png 1640w, https:\/\/nusta.co\/wp-content\/uploads\/2024\/01\/Banniere-2024-1640-x-400-px-1640-x-375-px-600x137.png 600w, https:\/\/nusta.co\/wp-content\/uploads\/2024\/01\/Banniere-2024-1640-x-400-px-1640-x-375-px-300x69.png 300w, https:\/\/nusta.co\/wp-content\/uploads\/2024\/01\/Banniere-2024-1640-x-400-px-1640-x-375-px-1024x234.png 1024w, https:\/\/nusta.co\/wp-content\/uploads\/2024\/01\/Banniere-2024-1640-x-400-px-1640-x-375-px-768x176.png 768w, https:\/\/nusta.co\/wp-content\/uploads\/2024\/01\/Banniere-2024-1640-x-400-px-1640-x-375-px-1536x351.png 1536w, https:\/\/nusta.co\/wp-content\/uploads\/2024\/01\/Banniere-2024-1640-x-400-px-1640-x-375-px-18x4.png 18w\" sizes=\"(max-width: 1640px) 100vw, 1640px\" \/><\/figure>\n\n\n\n<hr class=\"wp-block-separator has-text-color has-palette-color-1-color has-css-opacity has-palette-color-1-background-color has-background is-style-default\"\/>\n\n\n\n<figure class=\"wp-block-gallery has-nested-images columns-default is-cropped wp-block-gallery-1 is-layout-flex wp-block-gallery-is-layout-flex\">\n<figure class=\"wp-block-image size-large\"><img decoding=\"async\" width=\"768\" height=\"1024\" data-id=\"3040\" src=\"https:\/\/nusta.co\/wp-content\/uploads\/2023\/05\/Ludovic-Grau-Mingot-Workshop-Floral-Atelier-8-410-768x1024.jpg\" alt=\"\" class=\"wp-image-3040\" srcset=\"https:\/\/nusta.co\/wp-content\/uploads\/2023\/05\/Ludovic-Grau-Mingot-Workshop-Floral-Atelier-8-410-768x1024.jpg 768w, https:\/\/nusta.co\/wp-content\/uploads\/2023\/05\/Ludovic-Grau-Mingot-Workshop-Floral-Atelier-8-410-scaled-600x800.jpg 600w, https:\/\/nusta.co\/wp-content\/uploads\/2023\/05\/Ludovic-Grau-Mingot-Workshop-Floral-Atelier-8-410-225x300.jpg 225w, https:\/\/nusta.co\/wp-content\/uploads\/2023\/05\/Ludovic-Grau-Mingot-Workshop-Floral-Atelier-8-410-1152x1536.jpg 1152w, https:\/\/nusta.co\/wp-content\/uploads\/2023\/05\/Ludovic-Grau-Mingot-Workshop-Floral-Atelier-8-410-1536x2048.jpg 1536w, https:\/\/nusta.co\/wp-content\/uploads\/2023\/05\/Ludovic-Grau-Mingot-Workshop-Floral-Atelier-8-410-9x12.jpg 9w, https:\/\/nusta.co\/wp-content\/uploads\/2023\/05\/Ludovic-Grau-Mingot-Workshop-Floral-Atelier-8-410-scaled.jpg 1920w\" sizes=\"(max-width: 768px) 100vw, 768px\" \/><\/figure>\n\n\n\n<figure class=\"wp-block-image size-large\"><img decoding=\"async\" width=\"1024\" height=\"768\" data-id=\"2966\" src=\"https:\/\/nusta.co\/wp-content\/uploads\/2023\/05\/Ludovic-Grau-Mingot-Workshop-Floral-Atelier-8-48-1024x768.jpg\" alt=\"\" class=\"wp-image-2966\" srcset=\"https:\/\/nusta.co\/wp-content\/uploads\/2023\/05\/Ludovic-Grau-Mingot-Workshop-Floral-Atelier-8-48-1024x768.jpg 1024w, https:\/\/nusta.co\/wp-content\/uploads\/2023\/05\/Ludovic-Grau-Mingot-Workshop-Floral-Atelier-8-48-300x225.jpg 300w, https:\/\/nusta.co\/wp-content\/uploads\/2023\/05\/Ludovic-Grau-Mingot-Workshop-Floral-Atelier-8-48-scaled-600x450.jpg 600w, https:\/\/nusta.co\/wp-content\/uploads\/2023\/05\/Ludovic-Grau-Mingot-Workshop-Floral-Atelier-8-48-768x576.jpg 768w, https:\/\/nusta.co\/wp-content\/uploads\/2023\/05\/Ludovic-Grau-Mingot-Workshop-Floral-Atelier-8-48-1536x1152.jpg 1536w, https:\/\/nusta.co\/wp-content\/uploads\/2023\/05\/Ludovic-Grau-Mingot-Workshop-Floral-Atelier-8-48-2048x1536.jpg 2048w\" sizes=\"(max-width: 1024px) 100vw, 1024px\" \/><\/figure>\n\n\n\n<figure class=\"wp-block-image size-large\"><img loading=\"lazy\" decoding=\"async\" width=\"768\" height=\"1024\" data-id=\"2963\" src=\"https:\/\/nusta.co\/wp-content\/uploads\/2023\/05\/Ludovic-Grau-Mingot-Workshop-Floral-Atelier-8-52-768x1024.jpg\" alt=\"\" class=\"wp-image-2963\" srcset=\"https:\/\/nusta.co\/wp-content\/uploads\/2023\/05\/Ludovic-Grau-Mingot-Workshop-Floral-Atelier-8-52-768x1024.jpg 768w, https:\/\/nusta.co\/wp-content\/uploads\/2023\/05\/Ludovic-Grau-Mingot-Workshop-Floral-Atelier-8-52-scaled-600x800.jpg 600w, https:\/\/nusta.co\/wp-content\/uploads\/2023\/05\/Ludovic-Grau-Mingot-Workshop-Floral-Atelier-8-52-225x300.jpg 225w, https:\/\/nusta.co\/wp-content\/uploads\/2023\/05\/Ludovic-Grau-Mingot-Workshop-Floral-Atelier-8-52-1152x1536.jpg 1152w, https:\/\/nusta.co\/wp-content\/uploads\/2023\/05\/Ludovic-Grau-Mingot-Workshop-Floral-Atelier-8-52-1536x2048.jpg 1536w, https:\/\/nusta.co\/wp-content\/uploads\/2023\/05\/Ludovic-Grau-Mingot-Workshop-Floral-Atelier-8-52-scaled.jpg 1920w\" sizes=\"(max-width: 768px) 100vw, 768px\" \/><\/figure>\n<\/figure>\n\n\n\n<div class=\"wp-block-qubely-wrapper qubely-block-46e17c\"><div class=\"qubely-block-wrapper-block \"><\/div><\/div>\n\n\n\n<hr class=\"wp-block-separator has-text-color has-palette-color-1-color has-css-opacity has-palette-color-1-background-color has-background is-style-default\"\/>\n\n\n\n<p class=\"has-text-align-center has-palette-color-4-color has-text-color\" style=\"font-size:clamp(15.747px, 0.984rem + ((1vw - 3.2px) * 0.645), 24px);\">Fleuriste en atelier \u00e0 Menton sur la C\u00f4te d&rsquo;Azur,<\/p>\n\n\n\n<p class=\"has-text-align-center has-palette-color-4-color has-text-color\" style=\"font-size:clamp(15.747px, 0.984rem + ((1vw - 3.2px) * 0.645), 24px);\"><em>\u00d1usta <\/em>fleurit vos moments importants <a href=\"https:\/\/nusta.co\/index.php\/contact\/\" title=\"sur commande.\">sur commande.<\/a><\/p>\n\n\n\n<figure class=\"wp-block-image aligncenter size-full is-resized is-style-rounded\"><img loading=\"lazy\" decoding=\"async\" width=\"500\" height=\"500\" src=\"http:\/\/nusta.co\/wp-content\/uploads\/2025\/11\/LOGO2.png\" alt=\"\" class=\"wp-image-3809\" style=\"width:224px;height:auto\" srcset=\"https:\/\/nusta.co\/wp-content\/uploads\/2025\/11\/LOGO2.png 500w, https:\/\/nusta.co\/wp-content\/uploads\/2025\/11\/LOGO2-300x300.png 300w, https:\/\/nusta.co\/wp-content\/uploads\/2025\/11\/LOGO2-150x150.png 150w\" sizes=\"(max-width: 500px) 100vw, 500px\" \/><\/figure>\n\n\n\n<p><\/p>\n\n\n\n<p class=\"has-text-align-center has-palette-color-4-color has-text-color\" style=\"font-size:clamp(15.747px, 0.984rem + ((1vw - 3.2px) * 0.645), 24px);line-height:0.2\"><em>Bienvenue <\/em><\/p>\n\n\n\n<p class=\"has-text-align-center has-palette-color-4-color has-text-color\" style=\"font-size:clamp(15.747px, 0.984rem + ((1vw - 3.2px) * 0.645), 24px);\"><em>dans ce jardin baign\u00e9 de douceur, de fleurs et de lumi\u00e8re.<\/em><\/p>\n\n\n\n<p><\/p>\n\n\n\n<p><\/p>\n","protected":false},"excerpt":{"rendered":"<p>Fleuriste en atelier \u00e0 Menton sur la C\u00f4te d&rsquo;Azur, \u00d1usta fleurit vos moments importants sur commande. Bienvenue dans ce jardin baign\u00e9 de douceur, de fleurs et de lumi\u00e8re.<\/p>\n","protected":false},"author":1,"featured_media":3355,"parent":0,"menu_order":0,"comment_status":"closed","ping_status":"closed","template":"","meta":{"qubely_global_settings":"","qubely_interactions":"","_monsterinsights_skip_tracking":false,"_monsterinsights_sitenote_active":false,"_monsterinsights_sitenote_note":"","_monsterinsights_sitenote_category":0,"footnotes":""},"class_list":["post-45","page","type-page","status-publish","has-post-thumbnail","hentry"],"blocksy_meta":{"content_style_source":"custom","vertical_spacing_source":"custom","content_area_spacing":"none","background":{"desktop":{"background_type":"color","background_pattern":"type-1","background_image":{"attachment_id":null,"x":0,"y":0},"gradient":"linear-gradient(135deg,rgba(6,147,227,1) 0%,rgb(155,81,224) 100%)","background_repeat":"repeat","background_size":"auto","background_attachment":"scroll","patternColor":{"default":{"color":"#e5e7ea"}},"overlayColor":{"default":{"color":"CT_CSS_SKIP_RULE"}},"backgroundColor":{"default":{"color":"var(--theme-palette-color-8)"}}},"tablet":{"background_type":"color","background_pattern":"type-1","background_image":{"attachment_id":null,"x":0,"y":0},"gradient":"linear-gradient(135deg,rgba(6,147,227,1) 0%,rgb(155,81,224) 100%)","background_repeat":"repeat","background_size":"auto","background_attachment":"scroll","patternColor":{"default":{"color":"#e5e7ea"}},"overlayColor":{"default":{"color":"CT_CSS_SKIP_RULE"}},"backgroundColor":{"default":{"color":"var(--theme-palette-color-8)"}}},"mobile":{"background_type":"color","background_pattern":"type-1","background_image":{"attachment_id":null,"x":0,"y":0},"gradient":"linear-gradient(135deg,rgba(6,147,227,1) 0%,rgb(155,81,224) 100%)","background_repeat":"repeat","background_size":"auto","background_attachment":"scroll","patternColor":{"default":{"color":"#e5e7ea"}},"overlayColor":{"default":{"color":"CT_CSS_SKIP_RULE"}},"backgroundColor":{"default":{"color":"var(--theme-palette-color-8)"}}}},"styles_descriptor":{"styles":{"desktop":"[data-prefix=\"single_page\"] {background-color:var(--theme-palette-color-8);background-image:none;} [data-prefix=\"single_page\"] [class*=\"ct-container\"] > article[class*=\"post\"] {--has-boxed:var(--false);--has-wide:var(--true);}","tablet":"","mobile":""},"google_fonts":[],"version":6}},"_links":{"self":[{"href":"https:\/\/nusta.co\/index.php\/wp-json\/wp\/v2\/pages\/45","targetHints":{"allow":["GET"]}}],"collection":[{"href":"https:\/\/nusta.co\/index.php\/wp-json\/wp\/v2\/pages"}],"about":[{"href":"https:\/\/nusta.co\/index.php\/wp-json\/wp\/v2\/types\/page"}],"author":[{"embeddable":true,"href":"https:\/\/nusta.co\/index.php\/wp-json\/wp\/v2\/users\/1"}],"replies":[{"embeddable":true,"href":"https:\/\/nusta.co\/index.php\/wp-json\/wp\/v2\/comments?post=45"}],"version-history":[{"count":319,"href":"https:\/\/nusta.co\/index.php\/wp-json\/wp\/v2\/pages\/45\/revisions"}],"predecessor-version":[{"id":3811,"href":"https:\/\/nusta.co\/index.php\/wp-json\/wp\/v2\/pages\/45\/revisions\/3811"}],"wp:featuredmedia":[{"embeddable":true,"href":"https:\/\/nusta.co\/index.php\/wp-json\/wp\/v2\/media\/3355"}],"wp:attachment":[{"href":"https:\/\/nusta.co\/index.php\/wp-json\/wp\/v2\/media?parent=45"}],"curies":[{"name":"wp","href":"https:\/\/api.w.org\/{rel}","templated":true}]}}