{"id":98,"date":"2021-08-06T12:25:49","date_gmt":"2021-08-06T10:25:49","guid":{"rendered":"https:\/\/nusta.co\/?page_id=98"},"modified":"2025-11-29T15:04:08","modified_gmt":"2025-11-29T14:04:08","slug":"mentions-legales","status":"publish","type":"page","link":"https:\/\/nusta.co\/index.php\/mentions-legales\/","title":{"rendered":"Mentions l\u00e9gales"},"content":{"rendered":"\n<h1 class=\"wp-block-heading has-text-align-center has-palette-color-4-color has-text-color has-medium-font-size\">Mentions l\u00e9gales<\/h1>\n\n\n\n<h3 class=\"wp-block-heading has-text-align-left has-palette-color-3-color has-text-color\"><strong>H\u00e9bergeur<\/strong><\/h3>\n\n\n\n<p>HOSTINGER INTERNATIONAL LTD<\/p>\n\n\n\n<p>61 Lordou Vironos Street, 6023 Larnaca, Chypre<\/p>\n\n\n\n<p><a href=\"https:\/\/www.hostinger.fr\/contact.\">https:\/\/www.hostinger.fr\/contact.<\/a><\/p>\n\n\n\n<p><\/p>\n\n\n\n<h3 class=\"wp-block-heading has-text-align-left has-palette-color-3-color has-text-color\"><strong>Droits &amp; propri\u00e9t\u00e9s<\/strong><\/h3>\n\n\n\n<p>Tous les \u00e9l\u00e9ments de ce site Internet (notamment les marques d\u00e9pos\u00e9es, noms de domaine, les textes, graphismes, logos, sons, photos et animations) sont la propri\u00e9t\u00e9 de l\u2019\u00e9diteur de ce site, \u00e0 l\u2019exclusion des \u00e9l\u00e9ments \u00e9manant de partenaires du Site Internet <em><em>\u00d1usta<\/em><\/em>. La protection du site http:\/\/www.nusta.co rel\u00e8ve, des l\u00e9gislations nationales et internationales relatives au droit de la propri\u00e9t\u00e9 intellectuelle. Tous les droits du Site Internet <em><em>\u00d1usta<\/em><\/em> sont r\u00e9serv\u00e9s. D\u00e8s lors, toute reproduction et\/ou repr\u00e9sentation et\/ou rediffusion, en tout ou partie, sur tout support \u00e9lectronique ou non, pr\u00e9sent ou futur, autre qu\u2019individuelles ou priv\u00e9es, sont interdites sauf autorisation expresse et pr\u00e9alable. De m\u00eame, les bases de donn\u00e9es d\u2019informations sont prot\u00e9g\u00e9es au titre du droit applicable aux compilations de donn\u00e9es. De sorte que toute extraction ou tentative d\u2019extraction, totale ou partielle, est susceptible d\u2019engager les responsabilit\u00e9s civile et p\u00e9nale de tout contrevenant.<\/p>\n\n\n\n<h3 class=\"wp-block-heading has-text-align-left has-palette-color-3-color has-text-color\"><strong>Propri\u00e9taire &amp; \u00e9diteur du site<\/strong><\/h3>\n\n\n\n<p>Le site www.nusta.co est \u00e9dit\u00e9 par <em>\u00d1usta<\/em>, entreprise individuelle, immatricul\u00e9e au RCS sous le num\u00e9ro 23228546500028 &nbsp;et dont le si\u00e8ge social est situ\u00e9 5 rue Henry Gr\u00e9ville \u00e0 Menton (06500). <\/p>\n\n\n\n<p>Directeur de Publication:  <em><em>\u00d1usta<\/em><\/em>&#8211; Contact: <em>contact@nusta.co<\/em> &nbsp;<\/p>\n\n\n\n<h3 class=\"wp-block-heading has-text-align-left has-palette-color-3-color has-text-color\"><strong>Conception &amp; r\u00e9alisation<\/strong><\/h3>\n\n\n\n<p> <em><em>\u00d1usta<\/em><\/em><\/p>\n\n\n\n<h3 class=\"wp-block-heading has-text-align-left has-palette-color-3-color has-text-color\"><strong>Cr\u00e9dits photos<\/strong><\/h3>\n\n\n\n<p>\u00a9Uliana Kopanytsia \/ \u00a9Annie Spratt \/ \u00a9Julian Paolo \/ \u00a9Volodymyr Moroz \/ \u00a9Getty Images \/ \u00a9Secret Garden \/ \u00a9\u00d1usta \/ \u00a9<a href=\"http:\/\/www.ludovic-film-photographer.com\/fr\/\" target=\"_blank\" rel=\"noreferrer noopener\" title=\"Ludovic Grau-Mingot\">Ludovic Grau-Mingot<\/a> &#8211; S\u00e9lection florale: <a href=\"https:\/\/www.capucine-atelier-floral.fr\/\" target=\"_blank\" rel=\"noreferrer noopener\" title=\"L'Atelier Floral du 37\">L&rsquo;Atelier Floral du 37<\/a><\/p>\n","protected":false},"excerpt":{"rendered":"<p>Mentions l\u00e9gales H\u00e9bergeur HOSTINGER INTERNATIONAL LTD 61 Lordou Vironos Street, 6023 Larnaca, Chypre https:\/\/www.hostinger.fr\/contact. Droits &amp; propri\u00e9t\u00e9s Tous les \u00e9l\u00e9ments de ce site Internet (notamment les marques d\u00e9pos\u00e9es, noms de domaine, les textes, graphismes, logos, sons, photos et animations) sont la propri\u00e9t\u00e9 de l\u2019\u00e9diteur de ce site, \u00e0 l\u2019exclusion des \u00e9l\u00e9ments \u00e9manant de partenaires du [&hellip;]<\/p>\n","protected":false},"author":1,"featured_media":0,"parent":0,"menu_order":0,"comment_status":"closed","ping_status":"closed","template":"","meta":{"qubely_global_settings":"","qubely_interactions":"","_monsterinsights_skip_tracking":false,"_monsterinsights_sitenote_active":false,"_monsterinsights_sitenote_note":"","_monsterinsights_sitenote_category":0,"footnotes":""},"class_list":["post-98","page","type-page","status-publish","hentry"],"blocksy_meta":{"styles_descriptor":{"styles":{"desktop":"[data-prefix=\"single_page\"] {background-color:var(--theme-palette-color-8);background-image:none;} [data-prefix=\"single_page\"] [class*=\"ct-container\"] > article[class*=\"post\"] {--has-boxed:var(--true);--has-wide:var(--false);background-color:var(--has-background, var(--theme-palette-color-8));--theme-boxed-content-border-radius:3px;--theme-boxed-content-border:1px solid var(--theme-palette-color-1);--theme-boxed-content-spacing:40px;--theme-boxed-content-box-shadow:0px 12px 18px -6px rgba(34, 56, 101, 0.04);}","tablet":"[data-prefix=\"single_page\"] [class*=\"ct-container\"] > article[class*=\"post\"] {--theme-boxed-content-spacing:35px;}","mobile":"[data-prefix=\"single_page\"] [class*=\"ct-container\"] > article[class*=\"post\"] {--theme-boxed-content-spacing:20px;}"},"google_fonts":[],"version":6},"page_title_panel":"","has_hero_section":"disabled","4566cd3d58eeb18dc983132af108634d":"","hero_section":"type-1","hero_elements":[{"id":"custom_title","enabled":true,"heading_tag":"h1","title":"Accueil"},{"id":"custom_description","enabled":true,"description_visibility":{"desktop":true,"tablet":true,"mobile":false}},{"id":"custom_meta","enabled":false,"meta_elements":[{"id":"author","enabled":true,"label":"Par","has_author_avatar":"yes","avatar_size":25},{"id":"post_date","enabled":true,"label":"Sur","date_format_source":"default","date_format":"M j, Y"},{"id":"comments","enabled":true}],"page_meta_elements":{"joined":true,"articles_count":true,"comments":true}},{"id":"breadcrumbs","enabled":false}],"89e96327c8bff792852aeb27ae1a2817":"","hero_alignment1":"CT_CSS_SKIP_RULE","hero_margin":40,"hero_alignment2":"center","hero_vertical_alignment":"center","cf73770f07c10d026c3f75beccd596bf":"","hero_structure":"narrow","e1f40ae5b0f6a7310babd54867805bf9":"","page_title_bg_type":"featured_image","custom_hero_background":{"attachment_id":null},"parallax":{"desktop":false,"tablet":false,"mobile":false},"d2f0ec6af541e1c952c04986c1a59c67":"","hero_height":"250px","pageTitleFont":{"family":"Default","variation":"Default","size":{"desktop":"32px","tablet":"30px","mobile":"25px"},"line-height":"CT_CSS_SKIP_RULE","letter-spacing":"CT_CSS_SKIP_RULE","text-transform":"CT_CSS_SKIP_RULE","text-decoration":"CT_CSS_SKIP_RULE"},"pageTitleFontColor":{"default":{"color":"CT_CSS_SKIP_RULEDEFAULT"}},"pageMetaFont":{"family":"Default","variation":"n6","size":"12px","line-height":"1.3","letter-spacing":"CT_CSS_SKIP_RULE","text-transform":"uppercase","text-decoration":"CT_CSS_SKIP_RULE"},"pageMetaFontColor":{"default":{"color":"CT_CSS_SKIP_RULEDEFAULT"},"hover":{"color":"CT_CSS_SKIP_RULEDEFAULT"}},"page_meta_button_type_font_colors":{"default":{"color":"CT_CSS_SKIP_RULEDEFAULT"},"hover":{"color":"CT_CSS_SKIP_RULEDEFAULT"}},"page_meta_button_type_background_colors":{"default":{"color":"CT_CSS_SKIP_RULEDEFAULT"},"hover":{"color":"CT_CSS_SKIP_RULEDEFAULT"}},"pageExcerptFont":{"family":"Default","variation":"Default","size":"CT_CSS_SKIP_RULE","line-height":"CT_CSS_SKIP_RULE","letter-spacing":"CT_CSS_SKIP_RULE","text-transform":"CT_CSS_SKIP_RULE","text-decoration":"CT_CSS_SKIP_RULE"},"pageExcerptColor":{"default":{"color":"CT_CSS_SKIP_RULEDEFAULT"}},"breadcrumbsFont":{"family":"Default","variation":"Default","size":"CT_CSS_SKIP_RULE","line-height":"CT_CSS_SKIP_RULE","letter-spacing":"CT_CSS_SKIP_RULE","text-transform":"CT_CSS_SKIP_RULE","text-decoration":"CT_CSS_SKIP_RULE"},"breadcrumbsFontColor":{"default":{"color":"CT_CSS_SKIP_RULEDEFAULT"},"initial":{"color":"CT_CSS_SKIP_RULEDEFAULT"},"hover":{"color":"CT_CSS_SKIP_RULEDEFAULT"}},"pageTitleOverlay":{"default":{"color":"CT_CSS_SKIP_RULE"}},"pageTitleBackground":{"background_type":"color","background_pattern":"type-1","background_image":{"attachment_id":null,"x":0,"y":0},"gradient":"linear-gradient(135deg,rgba(6,147,227,1) 0%,rgb(155,81,224) 100%)","background_repeat":"no-repeat","background_size":"auto","background_attachment":"scroll","patternColor":{"default":{"color":"#e5e7ea"}},"overlayColor":{"default":{"color":"CT_CSS_SKIP_RULE"}},"backgroundColor":{"default":{"color":"var(--theme-palette-color-6)"}}},"pageTitlePadding":{"top":"50px","bottom":"50px","left":"auto","right":"auto","linked":true},"dc426ca8c364d0d452c2bcb417419a77":"","page_structure_type":"type-3","680249de5be7797d8fd2cc02ebf710ac":"","content_style_source":"custom","content_style":{"0":"w","1":"i","2":"d","3":"e","desktop":"boxed","tablet":"boxed","mobile":"boxed","__changed":[]},"vertical_spacing_source":"custom","content_area_spacing":"both","background":{"background_type":{"background_type":"color","background_pattern":"type-1","background_image":{"attachment_id":1297,"x":"0.32","y":"0.56","url":"http:\/\/nusta.co\/wp-content\/uploads\/2021\/09\/galina-n-jBh3BGP-gjA-unsplash-1024x681.jpg"},"gradient":"linear-gradient(135deg,rgba(6,147,227,1) 0%,rgb(155,81,224) 100%)","background_repeat":"no-repeat","background_size":"cover","background_attachment":"scroll","patternColor":{"default":{"color":"#e5e7ea"}},"overlayColor":{"default":{"color":"CT_CSS_SKIP_RULE"}},"backgroundColor":{"default":{"color":"var(--theme-palette-color-8)"}}},"background_pattern":{"background_type":"color","background_pattern":"type-1","background_image":{"attachment_id":1297,"x":"0.32","y":"0.56","url":"http:\/\/nusta.co\/wp-content\/uploads\/2021\/09\/galina-n-jBh3BGP-gjA-unsplash-1024x681.jpg"},"gradient":"linear-gradient(135deg,rgba(6,147,227,1) 0%,rgb(155,81,224) 100%)","background_repeat":"no-repeat","background_size":"cover","background_attachment":"scroll","patternColor":{"default":{"color":"#e5e7ea"}},"overlayColor":{"default":{"color":"CT_CSS_SKIP_RULE"}},"backgroundColor":{"default":{"color":"var(--theme-palette-color-8)"}}},"background_image":{"background_type":"color","background_pattern":"type-1","background_image":{"attachment_id":1297,"x":"0.32","y":"0.56","url":"http:\/\/nusta.co\/wp-content\/uploads\/2021\/09\/galina-n-jBh3BGP-gjA-unsplash-1024x681.jpg"},"gradient":"linear-gradient(135deg,rgba(6,147,227,1) 0%,rgb(155,81,224) 100%)","background_repeat":"no-repeat","background_size":"cover","background_attachment":"scroll","patternColor":{"default":{"color":"#e5e7ea"}},"overlayColor":{"default":{"color":"CT_CSS_SKIP_RULE"}},"backgroundColor":{"default":{"color":"var(--theme-palette-color-8)"}}},"gradient":{"background_type":"color","background_pattern":"type-1","background_image":{"attachment_id":1297,"x":"0.32","y":"0.56","url":"http:\/\/nusta.co\/wp-content\/uploads\/2021\/09\/galina-n-jBh3BGP-gjA-unsplash-1024x681.jpg"},"gradient":"linear-gradient(135deg,rgba(6,147,227,1) 0%,rgb(155,81,224) 100%)","background_repeat":"no-repeat","background_size":"cover","background_attachment":"scroll","patternColor":{"default":{"color":"#e5e7ea"}},"overlayColor":{"default":{"color":"CT_CSS_SKIP_RULE"}},"backgroundColor":{"default":{"color":"var(--theme-palette-color-8)"}}},"background_repeat":{"background_type":"color","background_pattern":"type-1","background_image":{"attachment_id":1297,"x":"0.32","y":"0.56","url":"http:\/\/nusta.co\/wp-content\/uploads\/2021\/09\/galina-n-jBh3BGP-gjA-unsplash-1024x681.jpg"},"gradient":"linear-gradient(135deg,rgba(6,147,227,1) 0%,rgb(155,81,224) 100%)","background_repeat":"no-repeat","background_size":"cover","background_attachment":"scroll","patternColor":{"default":{"color":"#e5e7ea"}},"overlayColor":{"default":{"color":"CT_CSS_SKIP_RULE"}},"backgroundColor":{"default":{"color":"var(--theme-palette-color-8)"}}},"background_size":{"background_type":"color","background_pattern":"type-1","background_image":{"attachment_id":1297,"x":"0.32","y":"0.56","url":"http:\/\/nusta.co\/wp-content\/uploads\/2021\/09\/galina-n-jBh3BGP-gjA-unsplash-1024x681.jpg"},"gradient":"linear-gradient(135deg,rgba(6,147,227,1) 0%,rgb(155,81,224) 100%)","background_repeat":"no-repeat","background_size":"cover","background_attachment":"scroll","patternColor":{"default":{"color":"#e5e7ea"}},"overlayColor":{"default":{"color":"CT_CSS_SKIP_RULE"}},"backgroundColor":{"default":{"color":"var(--theme-palette-color-8)"}}},"background_attachment":{"background_type":"color","background_pattern":"type-1","background_image":{"attachment_id":1297,"x":"0.32","y":"0.56","url":"http:\/\/nusta.co\/wp-content\/uploads\/2021\/09\/galina-n-jBh3BGP-gjA-unsplash-1024x681.jpg"},"gradient":"linear-gradient(135deg,rgba(6,147,227,1) 0%,rgb(155,81,224) 100%)","background_repeat":"no-repeat","background_size":"cover","background_attachment":"scroll","patternColor":{"default":{"color":"#e5e7ea"}},"overlayColor":{"default":{"color":"CT_CSS_SKIP_RULE"}},"backgroundColor":{"default":{"color":"var(--theme-palette-color-8)"}}},"patternColor":{"background_type":"color","background_pattern":"type-1","background_image":{"attachment_id":1297,"x":"0.32","y":"0.56","url":"http:\/\/nusta.co\/wp-content\/uploads\/2021\/09\/galina-n-jBh3BGP-gjA-unsplash-1024x681.jpg"},"gradient":"linear-gradient(135deg,rgba(6,147,227,1) 0%,rgb(155,81,224) 100%)","background_repeat":"no-repeat","background_size":"cover","background_attachment":"scroll","patternColor":{"default":{"color":"#e5e7ea"}},"overlayColor":{"default":{"color":"CT_CSS_SKIP_RULE"}},"backgroundColor":{"default":{"color":"var(--theme-palette-color-8)"}}},"overlayColor":{"background_type":"color","background_pattern":"type-1","background_image":{"attachment_id":1297,"x":"0.32","y":"0.56","url":"http:\/\/nusta.co\/wp-content\/uploads\/2021\/09\/galina-n-jBh3BGP-gjA-unsplash-1024x681.jpg"},"gradient":"linear-gradient(135deg,rgba(6,147,227,1) 0%,rgb(155,81,224) 100%)","background_repeat":"no-repeat","background_size":"cover","background_attachment":"scroll","patternColor":{"default":{"color":"#e5e7ea"}},"overlayColor":{"default":{"color":"CT_CSS_SKIP_RULE"}},"backgroundColor":{"default":{"color":"var(--theme-palette-color-8)"}}},"backgroundColor":{"background_type":"color","background_pattern":"type-1","background_image":{"attachment_id":1297,"x":"0.32","y":"0.56","url":"http:\/\/nusta.co\/wp-content\/uploads\/2021\/09\/galina-n-jBh3BGP-gjA-unsplash-1024x681.jpg"},"gradient":"linear-gradient(135deg,rgba(6,147,227,1) 0%,rgb(155,81,224) 100%)","background_repeat":"no-repeat","background_size":"cover","background_attachment":"scroll","patternColor":{"default":{"color":"#e5e7ea"}},"overlayColor":{"default":{"color":"CT_CSS_SKIP_RULE"}},"backgroundColor":{"default":{"color":"var(--theme-palette-color-8)"}}},"desktop":{"background_type":"color","background_pattern":"type-1","background_image":{"attachment_id":1297,"x":"0.32","y":"0.56","url":"http:\/\/nusta.co\/wp-content\/uploads\/2021\/09\/galina-n-jBh3BGP-gjA-unsplash-1024x681.jpg"},"gradient":"linear-gradient(135deg,rgba(6,147,227,1) 0%,rgb(155,81,224) 100%)","background_repeat":"no-repeat","background_size":"cover","background_attachment":"scroll","patternColor":{"default":{"color":"#e5e7ea"}},"overlayColor":{"default":{"color":"CT_CSS_SKIP_RULE"}},"backgroundColor":{"default":{"color":"var(--theme-palette-color-8)"}}},"tablet":{"background_type":"color","background_pattern":"type-1","background_image":{"attachment_id":1297,"x":"0.32","y":"0.56","url":"http:\/\/nusta.co\/wp-content\/uploads\/2021\/09\/galina-n-jBh3BGP-gjA-unsplash-1024x681.jpg"},"gradient":"linear-gradient(135deg,rgba(6,147,227,1) 0%,rgb(155,81,224) 100%)","background_repeat":"no-repeat","background_size":"cover","background_attachment":"scroll","patternColor":{"default":{"color":"#e5e7ea"}},"overlayColor":{"default":{"color":"CT_CSS_SKIP_RULE"}},"backgroundColor":{"default":{"color":"var(--theme-palette-color-8)"}}},"mobile":{"background_type":"color","background_pattern":"type-1","background_image":{"attachment_id":1297,"x":"0.32","y":"0.56","url":"http:\/\/nusta.co\/wp-content\/uploads\/2021\/09\/galina-n-jBh3BGP-gjA-unsplash-1024x681.jpg"},"gradient":"linear-gradient(135deg,rgba(6,147,227,1) 0%,rgb(155,81,224) 100%)","background_repeat":"no-repeat","background_size":"cover","background_attachment":"scroll","patternColor":{"default":{"color":"#e5e7ea"}},"overlayColor":{"default":{"color":"CT_CSS_SKIP_RULE"}},"backgroundColor":{"default":{"color":"var(--theme-palette-color-8)"}}},"__changed":[]},"content_background":{"background_type":"color","background_pattern":"type-1","background_image":{"attachment_id":null,"x":0,"y":0},"gradient":"linear-gradient(135deg,rgba(6,147,227,1) 0%,rgb(155,81,224) 100%)","background_repeat":"no-repeat","background_size":"auto","background_attachment":"scroll","patternColor":{"default":{"color":"#e5e7ea"}},"overlayColor":{"default":{"color":"CT_CSS_SKIP_RULE"}},"backgroundColor":{"default":{"color":"var(--theme-palette-color-8)"}}},"content_boxed_shadow":{"inherit":false,"blur":18,"spread":-6,"v_offset":12,"h_offset":0,"inset":false,"enable":true,"color":{"color":"rgba(34, 56, 101, 0.04)"}},"boxed_content_spacing":{"desktop":{"top":"40px","bottom":"40px","left":"40px","right":"40px","linked":true},"tablet":{"top":"35px","bottom":"35px","left":"35px","right":"35px","linked":true},"mobile":{"top":"20px","bottom":"20px","left":"20px","right":"20px","linked":true}},"content_boxed_radius":{"top":"3px","bottom":"3px","left":"3px","right":"3px","linked":true},"c4c3548559b8bf54ecfb972af1898603":"","disable_featured_image":"no","disable_header":"no","disable_footer":"no","b77a2cd328f7e3cc921d8853e5471248":"","166fe619dcea435ff96b3e386f32ba30":"","3ce1ef612c6ae9a27d54f9095366327f":"","ef3cca60dc2799d7f08e2d91770a3ce1":"","8f4b0617339d82d1f1828e2f64fa1b1d":"","81dfcfa7b8086d49a693a89bd662cd21":"","49118776cbe4ee790c57e0cd75bd1aac":"","5f2a7dda46bb85e772e81e334bfe2aa4":"","612e6498435b32d6f6a06a6731a4bd74":"","31a1c56888af9dfdbee97a56ba97f2be":"","9a4e1249f973c99b82ebc67b41bfae88":"","7e9f8a6145be3c9795801b93432b1f2c":"","23080d9c7fe73ea6e2e10d66bd3f8701":"","9c3b2a9a942b33d2c4b678936feaa1cb":"","808fa69fdd8530db70e77717b65d751f":"","1b17e8a24eefd73f60ccbe113a0e8c76":"","a0d4d8f8c70357437b7ba72993cffae5":"","b652da57d659adcdd53dd0b27ab4e7e6":"","e7a9d79c712aaeb024cdd3bd0de268c0":"","767bd90867ba583ccdc12b57c65d4c8a":"","161feda89655cbff2c468eef28c81a7d":"","a2e80fa892ea98fca2c3d920ac59a0fb":"","5a5c57cee576643d721368141f1a8788":"","d72422bce121709abafe680032b4184d":"","content_boxed_border":{"width":{"width":1,"style":"solid","color":{"color":"var(--theme-palette-color-1)"}},"style":{"width":1,"style":"solid","color":{"color":"var(--theme-palette-color-1)"}},"color":{"width":1,"style":"solid","color":{"color":"var(--theme-palette-color-1)"}},"desktop":{"width":1,"style":"solid","color":{"color":"var(--theme-palette-color-1)"}},"tablet":{"width":1,"style":"solid","color":{"color":"var(--theme-palette-color-1)"}},"mobile":{"width":1,"style":"solid","color":{"color":"var(--theme-palette-color-1)"}},"__changed":[]}},"_links":{"self":[{"href":"https:\/\/nusta.co\/index.php\/wp-json\/wp\/v2\/pages\/98","targetHints":{"allow":["GET"]}}],"collection":[{"href":"https:\/\/nusta.co\/index.php\/wp-json\/wp\/v2\/pages"}],"about":[{"href":"https:\/\/nusta.co\/index.php\/wp-json\/wp\/v2\/types\/page"}],"author":[{"embeddable":true,"href":"https:\/\/nusta.co\/index.php\/wp-json\/wp\/v2\/users\/1"}],"replies":[{"embeddable":true,"href":"https:\/\/nusta.co\/index.php\/wp-json\/wp\/v2\/comments?post=98"}],"version-history":[{"count":16,"href":"https:\/\/nusta.co\/index.php\/wp-json\/wp\/v2\/pages\/98\/revisions"}],"predecessor-version":[{"id":3800,"href":"https:\/\/nusta.co\/index.php\/wp-json\/wp\/v2\/pages\/98\/revisions\/3800"}],"wp:attachment":[{"href":"https:\/\/nusta.co\/index.php\/wp-json\/wp\/v2\/media?parent=98"}],"curies":[{"name":"wp","href":"https:\/\/api.w.org\/{rel}","templated":true}]}}